{"id":1159,"date":"2022-08-09T11:32:49","date_gmt":"2022-08-09T14:32:49","guid":{"rendered":"https:\/\/viajarnaboa.com\/?page_id=1159"},"modified":"2022-08-09T20:57:16","modified_gmt":"2022-08-09T23:57:16","slug":"termos-de-uso","status":"publish","type":"page","link":"https:\/\/viajarnaboa.com\/es\/termos-de-uso\/","title":{"rendered":"Terminos de uso"},"content":{"rendered":"<div class=\"mx-5 sm:mx-0 prose leading-relaxed text-lg mb-5 text-left\">\n<p>Viajar na Boa es un sitio web especializado en la creaci\u00f3n de contenidos relacionados con consejos y promociones (con caracter\u00edsticas informativas y an\u00e1lisis de diversos productos\/servicios, entre otros) ofrecidos por instituciones nacionales e internacionales.<\/p>\n<p>Nuestros T\u00e9rminos y Condiciones Generales de Uso est\u00e1n disponibles para el usuario en cualquier momento, a trav\u00e9s de la direcci\u00f3n:\u00a0<a href=\"https:\/\/senhorcarros.com\/termos-de-uso\/\">\u00a0<\/a><a href=\"https:\/\/viajarnaboa.com\/es\/termos-de-uso\/\">https:\/\/viajarnaboa.com\/termos-de-uso<\/a>.<\/p>\n<\/div>\n<div class=\"mx-5 sm:mx-0 prose leading-relaxed text-lg mb-5 text-left\">\n<p>Lo dispuesto en la Pol\u00edtica de Privacidad del sitio web de Viajar na Boa, disponible en:\u00a0<a href=\"https:\/\/viajarnaboa.com\/es\/politica-de-privacidade\/\">https:\/\/viajarnaboa.com\/politica-de-privacidade\/<\/a>, as\u00ed como la legislaci\u00f3n vigente.<\/p>\n<p>Por lo tanto, los T\u00e9rminos y Condiciones Generales de Uso tienen como objetivo informar las responsabilidades, deberes y obligaciones de todo Usuario al acceder y\/o utilizar el sitio web de Viajar na Boa, tal como se describe en los puntos siguientes.<\/p>\n<\/div>\n<div class=\"mx-5 sm:mx-0 sm:text-3xl text-2xl font-medium title-font mb-4 text-gray-900 text-left\">\n<h3><strong>1. ACEPTACI\u00d3N<\/strong><\/h3>\n<\/div>\n<div class=\"mx-5 sm:mx-0 prose leading-relaxed text-lg mb-5 text-left\">\n<p>1.1. Al acceder a Viajar na Boa, el Usuario ACEPTA respetar los T\u00e9rminos y Condiciones Generales de Uso y las\u00a0<a href=\"https:\/\/viajarnaboa.com\/es\/politica-de-privacidade\/\">Viajar na Boa Pol\u00edtica de Privacidad<\/a>.<\/p>\n<p>1.2. Al acceder y\/o utilizar Viajar na Boa, el Usuario declara tener al menos 18 (dieciocho) a\u00f1os y ser plena y expresamente capaz de aceptar los t\u00e9rminos y condiciones de estos T\u00e9rminos y Condiciones de Uso para todos los efectos legales.<\/p>\n<p>1.3. Si el Usuario no se ajusta a la descripci\u00f3n anterior y\/o no est\u00e1 de acuerdo, aunque sea en parte, con los t\u00e9rminos y condiciones contenidos en estos T\u00e9rminos y Condiciones de Uso, no deber\u00e1 acceder y\/o utilizar los servicios ofrecidos por Viajar na Boa, as\u00ed como los sitios web y servicios operados por la misma.<\/p>\n<\/div>\n<div class=\"mx-5 sm:mx-0 sm:text-3xl text-2xl font-medium title-font mb-4 text-gray-900 text-left\">\n<h3><strong>2. CONTACTO<\/strong><\/h3>\n<\/div>\n<div class=\"mx-5 sm:mx-0 prose leading-relaxed text-lg mb-5 text-left\">\n<p>2.1. El Usuario utiliza este servicio para resolver todas sus dudas, resolver cualquier problema y presentar quejas u otra informaci\u00f3n sobre los productos\/servicios disponibles en Viajar na Boa.<\/p>\n<p>2.2. El \u201cContacto\u201d se podr\u00e1 realizar mediante el formulario contenido en\u00a0<a href=\"https:\/\/viajarnaboa.com\/es\/contato\/\">https:\/\/viajarnaboa.com\/contato\/<\/a>\u00a0o a trav\u00e9s del correo electr\u00f3nico conteudo@viajarnaboa.com.<\/p>\n<\/div>\n<div class=\"mx-5 sm:mx-0 sm:text-3xl text-2xl font-medium title-font mb-4 text-gray-900 text-left\">\n<h3><strong>3. RESPONSABILIDADES DE LAS PARTES<\/strong><\/h3>\n<\/div>\n<div class=\"mx-5 sm:mx-0 prose leading-relaxed text-lg mb-5 text-left\">\n<p>3.1. El Usuario deber\u00e1 leer atentamente todas las cl\u00e1usulas contenidas en estos T\u00e9rminos y Condiciones de Uso y en el\u00a0<a href=\"https:\/\/viajarnaboa.com\/es\/politica-de-privacidade\/\">Pol\u00edtica de privacidad<\/a>\u00a0y al utilizar los servicios y\/o productos disponibles en Viajar na Boa, usted acepta plenamente todas las cl\u00e1usulas y condiciones de estos T\u00e9rminos.<\/p>\n<p>3.2 Viajar na Boa proporciona enlaces y\/o redirige al Usuario a otros sitios web, donde el Usuario puede contratar servicios y\/o adquirir productos de las respectivas empresas, sin ning\u00fan tipo de interferencia por parte de Viajar na Boa.<\/p>\n<p>3.3 Si el Usuario es redirigido a la p\u00e1gina del sitio web de la empresa anunciada en el sitio web, el Usuario deber\u00e1 leer atentamente y aceptar expresamente los t\u00e9rminos y condiciones de uso y la pol\u00edtica de privacidad de la empresa anunciada.<\/p>\n<p>3.4 Viajar na Boa no tiene responsabilidad: (a) por los t\u00e9rminos y condiciones generales de uso y pol\u00edtica de privacidad de las empresas anunciadas; (b) informaci\u00f3n sobre los servicios y\/o productos anunciados; (c) sobre los servicios y\/o productos eventualmente ofrecidos y\/o contratados con las empresas anunciadas.<\/p>\n<p>3.5 Viajar na Boa no es responsable de ning\u00fan virus, malware, spyware, troyano o cualquier software que pueda da\u00f1ar o cambiar la configuraci\u00f3n del equipo de los Usuarios como resultado de la navegaci\u00f3n o el uso en Internet o como resultado de la transferencia de datos, textos, im\u00e1genes, archivos o audios.<\/p>\n<p>3.6 Es responsabilidad exclusiva de los Usuarios mantener actualizado el sistema operativo de sus equipos y con programas antivirus.<\/p>\n<p>3.7. Viajar na Boa no es responsable de ninguna p\u00e9rdida o da\u00f1o resultante del uso irregular del sitio web de Viajar na Boa y\/o circunstancias fortuitas y\/o de fuerza mayor.<\/p>\n<p>3.8 Viajar na Boa no env\u00eda ni solicita dep\u00f3sitos o transferencias bancarias para el otorgamiento o aprobaci\u00f3n de ning\u00fan producto financiero.<\/p>\n<p>3.9 Viajar na Boa no env\u00eda correos electr\u00f3nicos a los Usuarios solicitando confirmaci\u00f3n de datos o registro con archivos adjuntos ejecutables (por ejemplo: extensiones .exe, .com, .scr, .zip, .rar), ni enlaces para descargas y si recibe uno, h\u00e1znoslo saber a trav\u00e9s de la propia p\u00e1gina web, a trav\u00e9s del formulario de Contacto contenido en https:\/\/viajarnaboa.com\/contato\/ o a trav\u00e9s de nuestro correo electr\u00f3nico conteudo@viajarnaboa.com<\/p>\n<p>3.10 Sin perjuicio de las dem\u00e1s disposiciones de estos T\u00e9rminos de Uso, el Usuario est\u00e1 obligado a:<\/p>\n<p>(a) No violar ning\u00fan derecho de terceros al utilizar Viajar na Boa;<\/p>\n<p>(b) No utilizar Viajar na Boa con el prop\u00f3sito de monitorear o acosar a terceros;<\/p>\n<p>(c) No realizar actividades fraudulentas, ilegales, deshonestas o inapropiadas en el uso del sitio web Viajar na Boa; Es<\/p>\n<p>(d) Respetar las condiciones establecidas en estos T\u00e9rminos y Condiciones Generales de Uso y en la Pol\u00edtica de Privacidad, as\u00ed como la legislaci\u00f3n brasile\u00f1a vigente;<\/p>\n<\/div>\n<div class=\"mx-5 sm:mx-0 sm:text-3xl text-2xl font-medium title-font mb-4 text-gray-900 text-left\">\n<h3><strong>4. MODIFICACI\u00d3N DE T\u00c9RMINOS Y CONDICIONES<\/strong><\/h3>\n<\/div>\n<div class=\"mx-5 sm:mx-0 prose leading-relaxed text-lg mb-5 text-left\">\n<p>4.1. Los T\u00e9rminos y Condiciones Generales de Uso de Viajar na Boa podr\u00e1n ser modificados, complementados o reemplazados en cualquier momento y por cualquier motivo, a exclusivo criterio de Viajar na Boa, sin previo aviso o notificaci\u00f3n a los Usuarios.<\/p>\n<p>4.2\u00a0<strong>TODA PERSONA QUE NO ACEPTE ESTOS T\u00c9RMINOS Y CONDICIONES, QUE SON OBLIGATORIOS Y VINCULANTES, DEBE ABSTENERSE DE UTILIZAR EL SITIO WEB Viajar na Boa.<\/strong><\/p>\n<\/div>\n<div class=\"mx-5 sm:mx-0 sm:text-3xl text-2xl font-medium title-font mb-4 text-gray-900 text-left\">\n<h3><strong>5. PLAZO Y PLAZO<\/strong><\/h3>\n<\/div>\n<div class=\"mx-5 sm:mx-0 prose leading-relaxed text-lg mb-5 text-left\">\n<p>5.1. Estos T\u00e9rminos y Condiciones Generales de Uso tendr\u00e1n vigencia por tiempo indefinido y cualquier reclamo judicial o administrativo que surja del uso de Viajar na Boa objeto de estos T\u00e9rminos Generales de Uso o de la Pol\u00edtica de Privacidad deber\u00e1 plantearse dentro de los 90 (noventa) d\u00edas siguientes a el hecho de que hayan provocado.<\/p>\n<\/div>\n<div class=\"mx-5 sm:mx-0 sm:text-3xl text-2xl font-medium title-font mb-4 text-gray-900 text-left\">\n<h3><strong>6. LEGISLACI\u00d3N Y FORO ELECTORAL<\/strong><\/h3>\n<\/div>\n<div class=\"mx-5 sm:mx-0 prose leading-relaxed text-lg mb-5 text-left\">\n<p>6.1. Estos T\u00e9rminos y Condiciones Generales de Uso deben leerse e interpretarse en conjunto con la Pol\u00edtica de Privacidad, y ambos se rigen por las leyes vigentes en la Rep\u00fablica Federativa de Brasil, principalmente por la Constituci\u00f3n Federal, C\u00f3digo Civil, C\u00f3digo de Protecci\u00f3n al Consumidor, Ley General Marco para Internet y la Ley General de Protecci\u00f3n de Datos.<\/p>\n<p>6.2. En todo asunto relativo a interpretaci\u00f3n, cumplimiento o cualquier otra cuesti\u00f3n relacionada con estos T\u00e9rminos y la Pol\u00edtica de Privacidad, las partes acuerdan expresamente y renuncian a cualquier otro enfoque.<\/p>\n<\/div>","protected":false},"excerpt":{"rendered":"","protected":false},"author":1,"featured_media":0,"parent":0,"menu_order":0,"comment_status":"closed","ping_status":"closed","template":"","meta":{"footnotes":""},"class_list":{"0":"post-1159","1":"page","2":"type-page","3":"status-publish","5":"infinite-scroll-item"},"_links":{"self":[{"href":"https:\/\/viajarnaboa.com\/es\/wp-json\/wp\/v2\/pages\/1159","targetHints":{"allow":["GET"]}}],"collection":[{"href":"https:\/\/viajarnaboa.com\/es\/wp-json\/wp\/v2\/pages"}],"about":[{"href":"https:\/\/viajarnaboa.com\/es\/wp-json\/wp\/v2\/types\/page"}],"author":[{"embeddable":true,"href":"https:\/\/viajarnaboa.com\/es\/wp-json\/wp\/v2\/users\/1"}],"replies":[{"embeddable":true,"href":"https:\/\/viajarnaboa.com\/es\/wp-json\/wp\/v2\/comments?post=1159"}],"version-history":[{"count":3,"href":"https:\/\/viajarnaboa.com\/es\/wp-json\/wp\/v2\/pages\/1159\/revisions"}],"predecessor-version":[{"id":1178,"href":"https:\/\/viajarnaboa.com\/es\/wp-json\/wp\/v2\/pages\/1159\/revisions\/1178"}],"wp:attachment":[{"href":"https:\/\/viajarnaboa.com\/es\/wp-json\/wp\/v2\/media?parent=1159"}],"curies":[{"name":"wp","href":"https:\/\/api.w.org\/{rel}","templated":true}]}}