{"id":1162,"date":"2022-08-09T13:18:17","date_gmt":"2022-08-09T16:18:17","guid":{"rendered":"https:\/\/viajarnaboa.com\/?page_id=1162"},"modified":"2024-12-12T20:27:46","modified_gmt":"2024-12-12T23:27:46","slug":"contato","status":"publish","type":"page","link":"https:\/\/viajarnaboa.com\/es\/contato\/","title":{"rendered":"Contacto"},"content":{"rendered":"<h2 class=\"wp-block-heading\">Aviso Legal<\/h2>\n\n\n\n<p>La informaci\u00f3n contenida en el sitio web de Viajar na Boa tiene \u00fanicamente fines informativos generales. Si bien nos esforzamos por mantener la informaci\u00f3n actualizada y correcta, no hacemos declaraciones ni garant\u00edas de ning\u00fan tipo, expresas o impl\u00edcitas, sobre la integridad, exactitud, confiabilidad o disponibilidad de la informaci\u00f3n contenida en el sitio web.<\/p>\n\n\n\n<p>Nuestro sitio web no asume ninguna responsabilidad por errores u omisiones en el contenido del Servicio, incluidos, entre otros, precios de boletos a\u00e9reos, disponibilidad de hoteles, condiciones de viaje o requisitos de documentaci\u00f3n.<\/p>\n\n\n\n<p>En ning\u00fan caso Viajar na Boa ser\u00e1 responsable de ning\u00fan da\u00f1o especial, directo, indirecto, consecuente o incidental, o cualquier otro da\u00f1o, ya sea en una acci\u00f3n de contrato, negligencia u otro agravio, que surja de o en conexi\u00f3n con el uso del Servicio o el contenido del Servicio. Esto incluye reservas perdidas o modificadas, cambios en los requisitos de viaje o cualquier otro inconveniente relacionado con el viaje.<\/p>\n\n\n\n<p>Viajar na Boa se reserva el derecho de realizar adiciones, eliminaciones o modificaciones al contenido del Servicio en cualquier momento, sin previo aviso. Siempre recomendamos confirmar la informaci\u00f3n directamente con las empresas que prestan los servicios mencionados.<\/p>\n\n\n\n<h2 class=\"wp-block-heading\">Cont\u00e1ctenos<\/h2>\n\n\n\n<p>Si tiene preguntas, sugerencias de itinerarios, asociaciones comerciales u otras solicitudes, comun\u00edquese con nosotros por correo electr\u00f3nico: <strong>contacto@viajarnaboa.com<\/strong><\/p>","protected":false},"excerpt":{"rendered":"","protected":false},"author":1,"featured_media":0,"parent":0,"menu_order":0,"comment_status":"closed","ping_status":"closed","template":"","meta":{"footnotes":""},"class_list":{"0":"post-1162","1":"page","2":"type-page","3":"status-publish","5":"infinite-scroll-item"},"_links":{"self":[{"href":"https:\/\/viajarnaboa.com\/es\/wp-json\/wp\/v2\/pages\/1162","targetHints":{"allow":["GET"]}}],"collection":[{"href":"https:\/\/viajarnaboa.com\/es\/wp-json\/wp\/v2\/pages"}],"about":[{"href":"https:\/\/viajarnaboa.com\/es\/wp-json\/wp\/v2\/types\/page"}],"author":[{"embeddable":true,"href":"https:\/\/viajarnaboa.com\/es\/wp-json\/wp\/v2\/users\/1"}],"replies":[{"embeddable":true,"href":"https:\/\/viajarnaboa.com\/es\/wp-json\/wp\/v2\/comments?post=1162"}],"version-history":[{"count":3,"href":"https:\/\/viajarnaboa.com\/es\/wp-json\/wp\/v2\/pages\/1162\/revisions"}],"predecessor-version":[{"id":1849,"href":"https:\/\/viajarnaboa.com\/es\/wp-json\/wp\/v2\/pages\/1162\/revisions\/1849"}],"wp:attachment":[{"href":"https:\/\/viajarnaboa.com\/es\/wp-json\/wp\/v2\/media?parent=1162"}],"curies":[{"name":"wp","href":"https:\/\/api.w.org\/{rel}","templated":true}]}}