{"id":1843,"date":"2024-12-12T20:11:19","date_gmt":"2024-12-12T23:11:19","guid":{"rendered":"https:\/\/viajarnaboa.com\/?page_id=1843"},"modified":"2024-12-12T20:20:06","modified_gmt":"2024-12-12T23:20:06","slug":"sobre","status":"publish","type":"page","link":"https:\/\/viajarnaboa.com\/es\/sobre\/","title":{"rendered":"Sobre nosotros"},"content":{"rendered":"<h2 class=\"wp-block-heading\">Nuestra Historia<\/h2>\n\n\n\n<p>Viajar na Boa naci\u00f3 en 2018 con una misi\u00f3n clara: hacer realidad los sue\u00f1os de viajar a trav\u00e9s de informaci\u00f3n de calidad y consejos pr\u00e1cticos. Nos apasiona viajar y creemos que las mejores experiencias comienzan con una buena planificaci\u00f3n.<\/p>\n\n\n\n<h2 class=\"wp-block-heading\">Lo que ofrecemos<\/h2>\n\n\n\n<p>Nuestra plataforma re\u00fane todo lo que necesitas para planificar tu pr\u00f3xima aventura:<\/p>\n\n\n\n<ul class=\"wp-block-list\">\n<li>Seguimiento diario de ofertas de billetes de avi\u00f3n.<\/li>\n\n\n\n<li>Itinerarios detallados probados por viajeros experimentados.<\/li>\n\n\n\n<li>Comparaci\u00f3n de precios de hoteles y paquetes.<\/li>\n\n\n\n<li>Consejos exclusivos para destinos nacionales e internacionales.<\/li>\n\n\n\n<li>Noticias del mundo del turismo y la aviaci\u00f3n.<\/li>\n\n\n\n<li>Gu\u00edas completas de ciudades y pa\u00edses.<\/li>\n\n\n\n<li>Documentaci\u00f3n e informaci\u00f3n de visas.<\/li>\n\n\n\n<li>Experiencias reales de otros viajeros<\/li>\n<\/ul>\n\n\n\n<h2 class=\"wp-block-heading\">Nuestra experiencia<\/h2>\n\n\n\n<p>Contamos con un equipo de viajeros profesionales y expertos en turismo que conocen de primera mano los destinos sobre los que escriben. Cada consejo, cada itinerario y cada recomendaci\u00f3n proviene de experiencias reales y actualizadas.<\/p>\n\n\n\n<h2 class=\"wp-block-heading\">Diferencias<\/h2>\n\n\n\n<p>Lo que nos hace \u00fanicos:<\/p>\n\n\n\n<ul class=\"wp-block-list\">\n<li>Informaci\u00f3n siempre actualizada sobre precios y condiciones.<\/li>\n\n\n\n<li>Alianzas con las principales aerol\u00edneas y cadenas hoteleras.<\/li>\n\n\n\n<li>Contenido exclusivo producido por viajeros experimentados.<\/li>\n\n\n\n<li>Consejos pr\u00e1cticos para todo tipo de presupuestos<\/li>\n\n\n\n<li>Cobertura completa de destinos nacionales e internacionales.<\/li>\n\n\n\n<li>Alertas de promoci\u00f3n en tiempo real<\/li>\n<\/ul>\n\n\n\n<h2 class=\"wp-block-heading\">Nuestro Compromiso<\/h2>\n\n\n\n<p>Creemos que viajar debe ser una experiencia placentera desde la etapa de planificaci\u00f3n. Por ello, nos dedicamos a:<\/p>\n\n\n\n<ul class=\"wp-block-list\">\n<li>Proporcionar informaci\u00f3n precisa y confiable.<\/li>\n\n\n\n<li>Mantener la transparencia en nuestras recomendaciones.<\/li>\n\n\n\n<li>Actualizar constantemente nuestro contenido<\/li>\n\n\n\n<li>Responde las preguntas de nuestros lectores<\/li>\n\n\n\n<li>Comparte consejos reales que marcan la diferencia<\/li>\n<\/ul>\n\n\n\n<h2 class=\"wp-block-heading\">C\u00f3mo te ayudamos<\/h2>\n\n\n\n<ul class=\"wp-block-list\">\n<li>Te ahorramos tiempo buscando los mejores precios<\/li>\n\n\n\n<li>Ofrecemos itinerarios probados y aprobados.<\/li>\n\n\n\n<li>Compartimos consejos pr\u00e1cticos que s\u00f3lo conocen quienes viajan mucho<\/li>\n\n\n\n<li>Te mantenemos informado sobre el mundo de los viajes.<\/li>\n\n\n\n<li>Ayudamos a planificar viajes para todos los perfiles y presupuestos<\/li>\n<\/ul>\n\n\n\n<h2 class=\"wp-block-heading\">Nuestra comunidad<\/h2>\n\n\n\n<p>Viajar na Boa es m\u00e1s que un sitio web de viajes: somos una comunidad de personas a las que les encanta explorar el mundo. Fomentamos el intercambio de experiencias entre viajeros y valoramos los comentarios de nuestra audiencia para mejorar continuamente nuestro contenido.<\/p>\n\n\n\n<p>\u00a1Emb\u00e1rcate con nosotros en este viaje! Ya seas un viajero experimentado o alguien que planea tu primera aventura, Viajar na Boa est\u00e1 aqu\u00ed para hacer de cada viaje una experiencia incre\u00edble, desde la planificaci\u00f3n hasta el regreso a casa.<\/p>","protected":false},"excerpt":{"rendered":"","protected":false},"author":1,"featured_media":0,"parent":0,"menu_order":0,"comment_status":"closed","ping_status":"closed","template":"","meta":{"footnotes":""},"class_list":{"0":"post-1843","1":"page","2":"type-page","3":"status-publish","5":"infinite-scroll-item"},"_links":{"self":[{"href":"https:\/\/viajarnaboa.com\/es\/wp-json\/wp\/v2\/pages\/1843","targetHints":{"allow":["GET"]}}],"collection":[{"href":"https:\/\/viajarnaboa.com\/es\/wp-json\/wp\/v2\/pages"}],"about":[{"href":"https:\/\/viajarnaboa.com\/es\/wp-json\/wp\/v2\/types\/page"}],"author":[{"embeddable":true,"href":"https:\/\/viajarnaboa.com\/es\/wp-json\/wp\/v2\/users\/1"}],"replies":[{"embeddable":true,"href":"https:\/\/viajarnaboa.com\/es\/wp-json\/wp\/v2\/comments?post=1843"}],"version-history":[{"count":2,"href":"https:\/\/viajarnaboa.com\/es\/wp-json\/wp\/v2\/pages\/1843\/revisions"}],"predecessor-version":[{"id":1845,"href":"https:\/\/viajarnaboa.com\/es\/wp-json\/wp\/v2\/pages\/1843\/revisions\/1845"}],"wp:attachment":[{"href":"https:\/\/viajarnaboa.com\/es\/wp-json\/wp\/v2\/media?parent=1843"}],"curies":[{"name":"wp","href":"https:\/\/api.w.org\/{rel}","templated":true}]}}