{"id":3,"date":"2019-09-09T20:10:09","date_gmt":"2019-09-09T23:10:09","guid":{"rendered":"http:\/\/dicasfinanceiras.net\/?page_id=3"},"modified":"2022-08-09T20:56:47","modified_gmt":"2022-08-09T23:56:47","slug":"politica-de-privacidade","status":"publish","type":"page","link":"https:\/\/viajarnaboa.com\/es\/politica-de-privacidade\/","title":{"rendered":"Pol\u00edtica de privacidad"},"content":{"rendered":"<p>Este sitio utiliza cookies publicitarias, incluidas las cookies que utiliza Google para publicar anuncios basados en las visitas anteriores de un usuario a su sitio web u otros sitios web.<\/p>\n<p>Al utilizar cookies publicitarias, Google y sus socios pueden publicar anuncios a los usuarios en funci\u00f3n de las visitas a sus sitios y\/u otros sitios en Internet.<\/p>\n<p>Toda su informaci\u00f3n personal recopilada se utilizar\u00e1 para ayudar a que su visita a nuestro sitio web sea lo m\u00e1s productiva y placentera posible.<\/p>\n<p>Garantizar la confidencialidad de los datos personales de los usuarios de nuestro sitio web es importante para travelnaboa.com.<\/p>\n<p>Toda la informaci\u00f3n personal relativa a miembros, suscriptores, clientes o visitantes que utilicen travelnaboa.com ser\u00e1 tratada de acuerdo con la Ley de Protecci\u00f3n de Datos Personales del 26 de octubre de 1998 (Ley N\u00b0 67\/98).<\/p>\n<p>El uso\/navegaci\u00f3n del blog de travelnaboa.com presupone la aceptaci\u00f3n de este acuerdo de privacidad. El equipo de voyagenaboa.com se reserva el derecho de cambiar este acuerdo sin previo aviso. Por ello, te recomendamos que consultes nuestra pol\u00edtica de privacidad peri\u00f3dicamente para estar siempre actualizada.<\/p>\n<h2>Publicidad personalizada<\/h2>\n<p>Puede optar por no recibir publicidad personalizada visitando el\u00a0<a href=\"https:\/\/www.google.com\/settings\/ads\" target=\"_blank\" rel=\"noopener noreferrer\">Configuraci\u00f3n de anuncios<\/a>. Alternativamente, puede acceder al sitio web\u00a0<a href=\"http:\/\/www.aboutads.info\/choices\/\" target=\"_blank\" rel=\"nofollow noopener\">www.aboutads.info<\/a>\u00a0deshabilitar el uso de cookies de publicidad personalizada de terceros.<\/p>\n<h2>Los anuncios<\/h2>\n<p>Al igual que otros sitios web, recopilamos y utilizamos informaci\u00f3n contenida en anuncios. La informaci\u00f3n contenida en los anuncios incluye su direcci\u00f3n IP (Protocolo de Internet), su ISP (Proveedor de servicios de Internet, como Sapo, Clix u otro), el navegador que utiliz\u00f3 al visitar nuestro sitio web (como Internet Explorer o Firefox), el hora de su visita y qu\u00e9 p\u00e1ginas visit\u00f3 dentro de nuestro sitio web.<\/p>\n<h2>Cookie de dardo de DoubleClick<\/h2>\n<p>Google, como proveedor externo, utiliza cookies para publicar anuncios en nuestro sitio web;<\/p>\n<p>Con la cookie DART, Google puede publicar anuncios basados en sus visitas a otros sitios web en Internet;<\/p>\n<p>Los usuarios pueden desactivar la cookie de DART visitando la Pol\u00edtica de privacidad de la red de contenido y publicidad de Google.<\/p>\n<h2>Cookies y balizas web<\/h2>\n<p>Utilizamos cookies para almacenar informaci\u00f3n, como sus preferencias personales cuando visita nuestro sitio web. Esto puede incluir una ventana emergente simple o un enlace a varios servicios que brindamos, como foros.<\/p>\n<p>Adem\u00e1s, tambi\u00e9n utilizamos publicidad de terceros en nuestro sitio web para cubrir los costos de mantenimiento. Algunos de estos anunciantes pueden utilizar tecnolog\u00edas como cookies y\/o web beacons cuando se anuncian en nuestro sitio web, lo que significar\u00e1 que estos anunciantes (como Google a trav\u00e9s de Google AdSense) tambi\u00e9n recibir\u00e1n su informaci\u00f3n personal, como su direcci\u00f3n IP, su ISP, su navegador, etc. Esta funci\u00f3n se utiliza generalmente para la orientaci\u00f3n geogr\u00e1fica (mostrar publicidad de Lisboa solo a lectores de Lisboa, por ejemplo) o para mostrar publicidad dirigida a un tipo de usuario (como mostrar publicidad de restaurantes a un usuario que visita regularmente sitios web de cocina, por ejemplo).<\/p>\n<p>Usted tiene la facultad de desactivar las cookies, en las opciones de su navegador o realizando cambios en las herramientas del programa antivirus, como Norton Internet Security. Sin embargo, esto puede cambiar la forma en que interact\u00faa con nuestro sitio web u otros sitios web. Esto puede afectar o impedir que inicie sesi\u00f3n en programas, sitios web o foros en nuestra y otras redes.<\/p>\n<h2>Enlaces a sitios de terceros<\/h2>\n<p>Travelnaboa.com tiene enlaces a otros sitios web que, en nuestra opini\u00f3n, pueden contener informaci\u00f3n\/herramientas \u00fatiles para nuestros visitantes. Nuestra pol\u00edtica de privacidad no se aplica a sitios web de terceros, por lo que si visitas otro sitio web nuestro, debes leer su pol\u00edtica de privacidad.<\/p>\n<p>No somos responsables de la pol\u00edtica de privacidad ni del contenido presente en estos sitios.<\/p>\n<p>El sitio web travellingnaboa.com declara que no utiliza el correo electr\u00f3nico para pol\u00edticas de SPAM ni para enviar mensajes no deseados.<\/p>\n<h2>Anuncios y AdSense<\/h2>\n<p>El sitio web travellingnaboa.com no es responsable del contenido, promesas y veracidad de la informaci\u00f3n de los anuncios mostrados por sus patrocinadores, dejando claro que toda la responsabilidad de los anuncios mostrados en el sitio web recae en los anunciantes.<\/p>\n<p>El sitio web travelnaboa.com puede utilizar cookies y\/o web beacons cuando un usuario accede a las p\u00e1ginas, las cookies que se pueden utilizar se asocian (cuando corresponda) \u00fanicamente con el navegador de una computadora determinada.<\/p>\n<p>El sitio web travelnaboa.com es monetizado por empresas de publicidad de terceros para mostrar anuncios cuando visita nuestro sitio web, estas empresas pueden utilizar informaci\u00f3n sobre sus visitas a este y otros sitios web con el fin de mostrar anuncios relacionados con productos y servicios de su inter\u00e9s, informaci\u00f3n sobre sus visitas no incluye su nombre, su direcci\u00f3n, su direcci\u00f3n de correo electr\u00f3nico o su n\u00famero de tel\u00e9fono, para obtener m\u00e1s informaci\u00f3n sobre esta pr\u00e1ctica y aprender c\u00f3mo desactivar la cookie de DART, visite\u00a0<a href=\"http:\/\/www.google.com\/privacy_ads.html\" target=\"_blank\" rel=\"nofollow noopener\"><strong>Pol\u00edtica de privacidad de la red de contenido y anuncios de Google<\/strong><\/a>y las\u00a0<a href=\"http:\/\/emea.doubleclick.com\/PT-BR\/privacy\/faq.aspx\" target=\"_blank\" rel=\"noopener noreferrer\"><strong>Preguntas frecuentes sobre privacidad<\/strong><\/a>.<\/p>\n<p>Vianaboa.com no captura ni gestiona datos de los usuarios, los anuncios pueden utilizar cookies y se puede acceder a toda la informaci\u00f3n del anunciante a trav\u00e9s del enlace\u00a0<a href=\"https:\/\/www.google.com\/policies\/technologies\/partner-sites\/\" target=\"_blank\" rel=\"nofollow noopener\">https:\/\/www.google.com\/policies\/technologies\/partner-sites\/<\/a>\u00a0donde se explica detalladamente c\u00f3mo gestiona Google los datos en sus productos publicitarios.<\/p>\n<p>Las cookies que se utilizan en este sitio web pueden ser instaladas por \u00e9l mismo, las cuales provienen de diferentes servidores operados por \u00e9l, o de servidores de terceros que prestan servicios e instalan cookies y\/o web beacons, por poner un ejemplo, las cookies se utilizan para proporcionar Servicios publicitarios a trav\u00e9s de los cuales el usuario visualiza publicidad o contenidos en un horario predeterminado, pudiendo el usuario realizar b\u00fasquedas en el disco duro de su ordenador seg\u00fan las instrucciones del propio navegador.<\/p>\n<p>El usuario tiene la posibilidad de configurar su navegador para ser avisado en la pantalla de su ordenador de la recepci\u00f3n de cookies y para impedir su instalaci\u00f3n en el disco duro, la informaci\u00f3n relativa a esta configuraci\u00f3n est\u00e1 disponible en las instrucciones del navegador.<\/p>\n<p>Este sitio utiliza Remarketing con Google Analytics para anunciarse en l\u00ednea.<\/p>\n<p>Los proveedores externos, incluido Google, muestran sus anuncios en sitios web de Internet.<\/p>\n<p>Nosotros y otros proveedores, incluido Google, utilizamos cookies propias (como la cookie de Google Analytics) y cookies de terceros (como la cookie de DoubleClick) juntas para informar, optimizar y publicar anuncios basados en las visitas anteriores de alguien a su p\u00e1gina web.<\/p>\n<p>Nosotros y otros proveedores, incluido Google, utilizamos cookies propias (como la cookie de Google Analytics) y cookies de terceros (como la cookie de DoubleClick) juntas para informar sobre sus impresiones de anuncios y otros usos de los servicios e interacciones publicitarios. con estas impresiones de anuncios y servicios publicitarios est\u00e1n relacionados con las visitas a su sitio web.<\/p>\n<p>C\u00f3mo utiliza los datos de la publicidad basada en intereses de Google o los datos de audiencia de terceros (como edad, sexo e intereses) con Google Analytics. Si necesita m\u00e1s informaci\u00f3n, tiene preguntas o desea realizar alguna solicitud, utilice el formulario de contacto.<\/p>","protected":false},"excerpt":{"rendered":"","protected":false},"author":1,"featured_media":0,"parent":0,"menu_order":0,"comment_status":"closed","ping_status":"closed","template":"","meta":{"footnotes":""},"class_list":{"0":"post-3","1":"page","2":"type-page","3":"status-publish","5":"infinite-scroll-item"},"_links":{"self":[{"href":"https:\/\/viajarnaboa.com\/es\/wp-json\/wp\/v2\/pages\/3","targetHints":{"allow":["GET"]}}],"collection":[{"href":"https:\/\/viajarnaboa.com\/es\/wp-json\/wp\/v2\/pages"}],"about":[{"href":"https:\/\/viajarnaboa.com\/es\/wp-json\/wp\/v2\/types\/page"}],"author":[{"embeddable":true,"href":"https:\/\/viajarnaboa.com\/es\/wp-json\/wp\/v2\/users\/1"}],"replies":[{"embeddable":true,"href":"https:\/\/viajarnaboa.com\/es\/wp-json\/wp\/v2\/comments?post=3"}],"version-history":[{"count":6,"href":"https:\/\/viajarnaboa.com\/es\/wp-json\/wp\/v2\/pages\/3\/revisions"}],"predecessor-version":[{"id":1177,"href":"https:\/\/viajarnaboa.com\/es\/wp-json\/wp\/v2\/pages\/3\/revisions\/1177"}],"wp:attachment":[{"href":"https:\/\/viajarnaboa.com\/es\/wp-json\/wp\/v2\/media?parent=3"}],"curies":[{"name":"wp","href":"https:\/\/api.w.org\/{rel}","templated":true}]}}