{"id":1159,"date":"2022-08-09T11:32:49","date_gmt":"2022-08-09T14:32:49","guid":{"rendered":"https:\/\/viajarnaboa.com\/?page_id=1159"},"modified":"2022-08-09T20:57:16","modified_gmt":"2022-08-09T23:57:16","slug":"termos-de-uso","status":"publish","type":"page","link":"https:\/\/viajarnaboa.com\/fr\/termos-de-uso\/","title":{"rendered":"Conditions d&#039;utilisation"},"content":{"rendered":"<div class=\"mx-5 sm:mx-0 prose leading-relaxed text-lg mb-5 text-left\">\n<p>Viajar na Boa est un site Web sp\u00e9cialis\u00e9 dans la cr\u00e9ation de contenu li\u00e9 aux conseils et promotions (avec des fonctionnalit\u00e9s informatives et des analyses de divers produits\/services, entre autres) propos\u00e9s par des institutions nationales et internationales.<\/p>\n<p>Nos Conditions G\u00e9n\u00e9rales d\u2019Utilisation sont accessibles \u00e0 tout moment \u00e0 l\u2019utilisateur, via l\u2019adresse :\u00a0<a href=\"https:\/\/senhorcarros.com\/termos-de-uso\/\">\u00a0<\/a><a href=\"https:\/\/viajarnaboa.com\/fr\/termos-de-uso\/\">https:\/\/viajarnaboa.com\/termos-de-uso<\/a>.<\/p>\n<\/div>\n<div class=\"mx-5 sm:mx-0 prose leading-relaxed text-lg mb-5 text-left\">\n<p>Les dispositions de la Politique de Confidentialit\u00e9 du site Viajar na Boa, disponible \u00e0 l&#039;adresse :\u00a0<a href=\"https:\/\/viajarnaboa.com\/fr\/politica-de-privacidade\/\">https:\/\/viajarnaboa.com\/politica-de-privacidade\/<\/a>, ainsi que la l\u00e9gislation en vigueur.<\/p>\n<p>Par cons\u00e9quent, les Conditions G\u00e9n\u00e9rales d\u2019Utilisation visent \u00e0 informer les responsabilit\u00e9s, devoirs et obligations de chaque Utilisateur lors de l\u2019acc\u00e8s et\/ou de l\u2019utilisation du site Viajar na Boa, comme d\u00e9crit dans les points ci-dessous.<\/p>\n<\/div>\n<div class=\"mx-5 sm:mx-0 sm:text-3xl text-2xl font-medium title-font mb-4 text-gray-900 text-left\">\n<h3><strong>1. ACCEPTATION<\/strong><\/h3>\n<\/div>\n<div class=\"mx-5 sm:mx-0 prose leading-relaxed text-lg mb-5 text-left\">\n<p>1.1. En acc\u00e9dant \u00e0 Viajar na Boa, l&#039;Utilisateur ACCEPTE de respecter les Conditions G\u00e9n\u00e9rales d&#039;Utilisation et les\u00a0<a href=\"https:\/\/viajarnaboa.com\/fr\/politica-de-privacidade\/\">Politique de confidentialit\u00e9 de Viajar na Boa<\/a>.<\/p>\n<p>1.2. En acc\u00e9dant et\/ou en utilisant Viajar na Boa, l&#039;Utilisateur d\u00e9clare \u00eatre \u00e2g\u00e9 d&#039;au moins 18 (dix-huit) ans et pleinement et express\u00e9ment capable d&#039;accepter les termes et conditions des pr\u00e9sentes Conditions G\u00e9n\u00e9rales d&#039;Utilisation \u00e0 toutes fins l\u00e9gales.<\/p>\n<p>1.3. Si l&#039;Utilisateur ne correspond pas \u00e0 la description ci-dessus et\/ou n&#039;est pas d&#039;accord, m\u00eame en partie, avec les termes et conditions contenus dans les pr\u00e9sentes Conditions G\u00e9n\u00e9rales d&#039;Utilisation, il ne doit pas acc\u00e9der et\/ou utiliser les services propos\u00e9s par Viajar na Boa, ainsi que les sites Web et services qu&#039;elle exploite.<\/p>\n<\/div>\n<div class=\"mx-5 sm:mx-0 sm:text-3xl text-2xl font-medium title-font mb-4 text-gray-900 text-left\">\n<h3><strong>2. CONTACTER<\/strong><\/h3>\n<\/div>\n<div class=\"mx-5 sm:mx-0 prose leading-relaxed text-lg mb-5 text-left\">\n<p>2.1. L&#039;Utilisateur utilise ce service pour r\u00e9soudre tous ses doutes, r\u00e9soudre tout probl\u00e8me et soumettre des r\u00e9clamations ou d&#039;autres informations sur les produits\/services disponibles sur Viajar na Boa.<\/p>\n<p>2.2. Le \u00ab Contact \u00bb peut \u00eatre effectu\u00e9 en utilisant le formulaire contenu dans\u00a0<a href=\"https:\/\/viajarnaboa.com\/fr\/contato\/\">https:\/\/viajarnaboa.com\/contato\/<\/a>\u00a0ou par email conteudo@viajarnaboa.com.<\/p>\n<\/div>\n<div class=\"mx-5 sm:mx-0 sm:text-3xl text-2xl font-medium title-font mb-4 text-gray-900 text-left\">\n<h3><strong>3. RESPONSABILIT\u00c9S DES PARTIES<\/strong><\/h3>\n<\/div>\n<div class=\"mx-5 sm:mx-0 prose leading-relaxed text-lg mb-5 text-left\">\n<p>3.1. L&#039;Utilisateur doit lire attentivement toutes les clauses contenues dans les pr\u00e9sentes Conditions G\u00e9n\u00e9rales d&#039;Utilisation et dans les\u00a0<a href=\"https:\/\/viajarnaboa.com\/fr\/politica-de-privacidade\/\">politique de confidentialit\u00e9<\/a>\u00a0et en utilisant les services et\/ou produits disponibles sur Viajar na Boa, vous acceptez pleinement toutes les clauses et conditions des pr\u00e9sentes Conditions.<\/p>\n<p>3.2 Viajar na Boa fournit des liens et\/ou redirige l&#039;utilisateur vers d&#039;autres sites Web, o\u00f9 l&#039;utilisateur peut contracter des services et\/ou acheter des produits aupr\u00e8s des soci\u00e9t\u00e9s respectives, sans aucun type d&#039;interf\u00e9rence de Viajar na Boa.<\/p>\n<p>3.3 Si l&#039;utilisateur est redirig\u00e9 vers la page du site Web de l&#039;entreprise annonc\u00e9e sur le site Web, l&#039;utilisateur doit lire attentivement et accepter express\u00e9ment les conditions g\u00e9n\u00e9rales d&#039;utilisation et la politique de confidentialit\u00e9 de l&#039;entreprise annonc\u00e9e.<\/p>\n<p>3.4 Viajar na Boa n&#039;a aucune responsabilit\u00e9 : (a) pour les conditions g\u00e9n\u00e9rales d&#039;utilisation et la politique de confidentialit\u00e9 des soci\u00e9t\u00e9s annonc\u00e9es ; (b) des informations sur les services et\/ou produits annonc\u00e9s\u00a0; (c) sur les services et\/ou produits \u00e9ventuellement propos\u00e9s et\/ou contract\u00e9s aupr\u00e8s des soci\u00e9t\u00e9s annonc\u00e9es.<\/p>\n<p>3.5 Viajar na Boa n&#039;est responsable d&#039;aucun virus, malware, logiciel espion, cheval de Troie ou tout logiciel susceptible d&#039;endommager ou de modifier les param\u00e8tres de l&#039;\u00e9quipement des Utilisateurs du fait de la navigation ou de l&#039;utilisation d&#039;Internet ou du transfert de donn\u00e9es, textes, images. , fichiers ou audios.<\/p>\n<p>3.6 Il est de la seule responsabilit\u00e9 des Utilisateurs de maintenir le syst\u00e8me d&#039;exploitation de leur \u00e9quipement \u00e0 jour et dot\u00e9 de programmes antivirus.<\/p>\n<p>3.7. Viajar na Boa n&#039;est pas responsable des pertes ou dommages r\u00e9sultant d&#039;une utilisation irr\u00e9guli\u00e8re du site Viajar na Boa et\/ou de circonstances impr\u00e9visibles et\/ou de force majeure.<\/p>\n<p>3.8 Viajar na Boa n&#039;envoie ni ne demande de d\u00e9p\u00f4ts ou de virements bancaires pour l&#039;octroi ou l&#039;approbation d&#039;un produit financier.<\/p>\n<p>3.9 Viajar na Boa n&#039;envoie pas d&#039;e-mails aux utilisateurs demandant une confirmation des donn\u00e9es ou un enregistrement avec des pi\u00e8ces jointes ex\u00e9cutables (par exemple : extensions .exe, .com, .scr, .zip, .rar), ni des liens pour les t\u00e9l\u00e9chargements et si vous en recevez un, veuillez nous le faire savoir via le site Web lui-m\u00eame, via le formulaire de contact contenu sur https:\/\/viajarnaboa.com\/contato\/ ou via notre e-mail conteudo@viajarnaboa.com<\/p>\n<p>3.10 Sans pr\u00e9judice des autres dispositions des pr\u00e9sentes Conditions d&#039;Utilisation, l&#039;Utilisateur est tenu de :<\/p>\n<p>(a) Ne violez aucun droit de tiers lors de l\u2019utilisation de Viajar na Boa\u00a0;<\/p>\n<p>(b) N&#039;utilisez pas Viajar na Boa dans le but de surveiller ou de harceler des tiers\u00a0;<\/p>\n<p>(c) Ne pas mener d&#039;activit\u00e9s frauduleuses, ill\u00e9gales, malhonn\u00eates ou inappropri\u00e9es lors de l&#039;utilisation du site Internet Viajar na Boa\u00a0; C&#039;est<\/p>\n<p>(d) Respecter les conditions \u00e9tablies dans les pr\u00e9sentes Conditions G\u00e9n\u00e9rales d&#039;Utilisation et dans la Politique de Confidentialit\u00e9, ainsi que la l\u00e9gislation br\u00e9silienne en vigueur\u00a0;<\/p>\n<\/div>\n<div class=\"mx-5 sm:mx-0 sm:text-3xl text-2xl font-medium title-font mb-4 text-gray-900 text-left\">\n<h3><strong>4. MODIFICATION DES TERMES ET CONDITIONS<\/strong><\/h3>\n<\/div>\n<div class=\"mx-5 sm:mx-0 prose leading-relaxed text-lg mb-5 text-left\">\n<p>4.1. Les Conditions G\u00e9n\u00e9rales d&#039;Utilisation de Viajar na Boa peuvent \u00eatre modifi\u00e9es, compl\u00e9t\u00e9es ou remplac\u00e9es \u00e0 tout moment et pour quelque raison que ce soit, \u00e0 la seule discr\u00e9tion de Viajar na Boa, sans pr\u00e9avis ni notification aux Utilisateurs.<\/p>\n<p>4.2\u00a0<strong>TOUTE PERSONNE QUI N&#039;ACCEPTE PAS CES CONDITIONS OBLIGATOIRES ET CONTRAIGNANTES DOIT S&#039;ABSTENIR D&#039;UTILISER LE SITE WEB Viajar na Boa.<\/strong><\/p>\n<\/div>\n<div class=\"mx-5 sm:mx-0 sm:text-3xl text-2xl font-medium title-font mb-4 text-gray-900 text-left\">\n<h3><strong>5. DUR\u00c9E ET D\u00c9LAI<\/strong><\/h3>\n<\/div>\n<div class=\"mx-5 sm:mx-0 prose leading-relaxed text-lg mb-5 text-left\">\n<p>5.1. Les pr\u00e9sentes Conditions G\u00e9n\u00e9rales d&#039;Utilisation seront en vigueur pour une dur\u00e9e ind\u00e9termin\u00e9e et toute r\u00e9clamation judiciaire ou administrative d\u00e9coulant de l&#039;utilisation de Viajar na Boa objet des pr\u00e9sentes Conditions G\u00e9n\u00e9rales d&#039;Utilisation ou de la Politique de Confidentialit\u00e9 devra \u00eatre propos\u00e9e dans un d\u00e9lai de 90 (quatre-vingt-dix) jours \u00e0 compter de le fait qu&#039;ils l&#039;ont provoqu\u00e9.<\/p>\n<\/div>\n<div class=\"mx-5 sm:mx-0 sm:text-3xl text-2xl font-medium title-font mb-4 text-gray-900 text-left\">\n<h3><strong>6. FORUM L\u00c9GISLATION ET \u00c9LECTION<\/strong><\/h3>\n<\/div>\n<div class=\"mx-5 sm:mx-0 prose leading-relaxed text-lg mb-5 text-left\">\n<p>6.1. Les pr\u00e9sentes Conditions G\u00e9n\u00e9rales d&#039;Utilisation doivent \u00eatre lues et interpr\u00e9t\u00e9es conjointement avec la Politique de Confidentialit\u00e9, et toutes deux sont r\u00e9gies par les lois en vigueur dans la R\u00e9publique F\u00e9d\u00e9rative du Br\u00e9sil, principalement par la Constitution F\u00e9d\u00e9rale, le Code Civil, le Code de Protection des Consommateurs, la Loi G\u00e9n\u00e9rale. Cadre pour Internet et loi g\u00e9n\u00e9rale sur la protection des donn\u00e9es.<\/p>\n<p>6.2. Pour toute question relative \u00e0 l&#039;interpr\u00e9tation, au respect ou \u00e0 toute autre question li\u00e9e aux pr\u00e9sentes Conditions et \u00e0 la Politique de confidentialit\u00e9, les parties acceptent express\u00e9ment et renoncent \u00e0 toute autre orientation.<\/p>\n<\/div>","protected":false},"excerpt":{"rendered":"","protected":false},"author":1,"featured_media":0,"parent":0,"menu_order":0,"comment_status":"closed","ping_status":"closed","template":"","meta":{"footnotes":""},"class_list":{"0":"post-1159","1":"page","2":"type-page","3":"status-publish","5":"infinite-scroll-item"},"_links":{"self":[{"href":"https:\/\/viajarnaboa.com\/fr\/wp-json\/wp\/v2\/pages\/1159","targetHints":{"allow":["GET"]}}],"collection":[{"href":"https:\/\/viajarnaboa.com\/fr\/wp-json\/wp\/v2\/pages"}],"about":[{"href":"https:\/\/viajarnaboa.com\/fr\/wp-json\/wp\/v2\/types\/page"}],"author":[{"embeddable":true,"href":"https:\/\/viajarnaboa.com\/fr\/wp-json\/wp\/v2\/users\/1"}],"replies":[{"embeddable":true,"href":"https:\/\/viajarnaboa.com\/fr\/wp-json\/wp\/v2\/comments?post=1159"}],"version-history":[{"count":3,"href":"https:\/\/viajarnaboa.com\/fr\/wp-json\/wp\/v2\/pages\/1159\/revisions"}],"predecessor-version":[{"id":1178,"href":"https:\/\/viajarnaboa.com\/fr\/wp-json\/wp\/v2\/pages\/1159\/revisions\/1178"}],"wp:attachment":[{"href":"https:\/\/viajarnaboa.com\/fr\/wp-json\/wp\/v2\/media?parent=1159"}],"curies":[{"name":"wp","href":"https:\/\/api.w.org\/{rel}","templated":true}]}}