{"id":1162,"date":"2022-08-09T13:18:17","date_gmt":"2022-08-09T16:18:17","guid":{"rendered":"https:\/\/viajarnaboa.com\/?page_id=1162"},"modified":"2024-12-12T20:27:46","modified_gmt":"2024-12-12T23:27:46","slug":"contato","status":"publish","type":"page","link":"https:\/\/viajarnaboa.com\/fr\/contato\/","title":{"rendered":"Contact"},"content":{"rendered":"<h2 class=\"wp-block-heading\">Mentions l\u00e9gales<\/h2>\n\n\n\n<p>Les informations contenues sur le site Web Viajar na Boa sont uniquement \u00e0 des fins d&#039;information g\u00e9n\u00e9rale. Bien que nous nous efforcions de maintenir les informations \u00e0 jour et correctes, nous ne faisons aucune d\u00e9claration ni garantie d&#039;aucune sorte, expresse ou implicite, quant \u00e0 l&#039;exhaustivit\u00e9, l&#039;exactitude, la fiabilit\u00e9 ou la disponibilit\u00e9 des informations contenues sur le site Web.<\/p>\n\n\n\n<p>Notre site Web n&#039;assume aucune responsabilit\u00e9 pour les erreurs ou omissions dans le contenu du Service, y compris, mais sans s&#039;y limiter, les prix des billets d&#039;avion, la disponibilit\u00e9 des h\u00f4tels, les conditions de voyage ou les exigences en mati\u00e8re de documentation.<\/p>\n\n\n\n<p>En aucun cas, Viajar na Boa ne sera responsable de tout dommage sp\u00e9cial, direct, indirect, cons\u00e9cutif ou accessoire, ou de tout autre dommage, que ce soit dans le cadre d&#039;une action contractuelle, d&#039;une n\u00e9gligence ou d&#039;un autre d\u00e9lit, d\u00e9coulant de ou en relation avec l&#039;utilisation du Service ou du contenu du Service. Cela comprend les r\u00e9servations perdues ou modifi\u00e9es, les changements dans les exigences de voyage ou tout autre inconv\u00e9nient li\u00e9 au voyage.<\/p>\n\n\n\n<p>Viajar na Boa se r\u00e9serve le droit d&#039;apporter des ajouts, des suppressions ou des modifications au contenu du Service \u00e0 tout moment, sans pr\u00e9avis. Nous recommandons toujours de confirmer les informations directement aupr\u00e8s des entreprises fournissant les services mentionn\u00e9s.<\/p>\n\n\n\n<h2 class=\"wp-block-heading\">Contactez-nous<\/h2>\n\n\n\n<p>Pour toute question, suggestion d&#039;itin\u00e9raire, partenariat commercial ou autre demande, veuillez nous contacter par email : <strong>contato@viajarnaboa.com<\/strong><\/p>","protected":false},"excerpt":{"rendered":"","protected":false},"author":1,"featured_media":0,"parent":0,"menu_order":0,"comment_status":"closed","ping_status":"closed","template":"","meta":{"footnotes":""},"class_list":{"0":"post-1162","1":"page","2":"type-page","3":"status-publish","5":"infinite-scroll-item"},"_links":{"self":[{"href":"https:\/\/viajarnaboa.com\/fr\/wp-json\/wp\/v2\/pages\/1162","targetHints":{"allow":["GET"]}}],"collection":[{"href":"https:\/\/viajarnaboa.com\/fr\/wp-json\/wp\/v2\/pages"}],"about":[{"href":"https:\/\/viajarnaboa.com\/fr\/wp-json\/wp\/v2\/types\/page"}],"author":[{"embeddable":true,"href":"https:\/\/viajarnaboa.com\/fr\/wp-json\/wp\/v2\/users\/1"}],"replies":[{"embeddable":true,"href":"https:\/\/viajarnaboa.com\/fr\/wp-json\/wp\/v2\/comments?post=1162"}],"version-history":[{"count":3,"href":"https:\/\/viajarnaboa.com\/fr\/wp-json\/wp\/v2\/pages\/1162\/revisions"}],"predecessor-version":[{"id":1849,"href":"https:\/\/viajarnaboa.com\/fr\/wp-json\/wp\/v2\/pages\/1162\/revisions\/1849"}],"wp:attachment":[{"href":"https:\/\/viajarnaboa.com\/fr\/wp-json\/wp\/v2\/media?parent=1162"}],"curies":[{"name":"wp","href":"https:\/\/api.w.org\/{rel}","templated":true}]}}