{"id":3,"date":"2019-09-09T20:10:09","date_gmt":"2019-09-09T23:10:09","guid":{"rendered":"http:\/\/dicasfinanceiras.net\/?page_id=3"},"modified":"2022-08-09T20:56:47","modified_gmt":"2022-08-09T23:56:47","slug":"politica-de-privacidade","status":"publish","type":"page","link":"https:\/\/viajarnaboa.com\/fr\/politica-de-privacidade\/","title":{"rendered":"politique de confidentialit\u00e9"},"content":{"rendered":"<p>Ce site utilise des cookies publicitaires, y compris des cookies de Google pour diffuser des annonces bas\u00e9es sur les visites pr\u00e9c\u00e9dentes d&#039;un utilisateur sur votre site Web ou sur d&#039;autres sites Web.<\/p>\n<p>\u00c0 l&#039;aide de cookies publicitaires, Google et ses partenaires peuvent diffuser des publicit\u00e9s aux utilisateurs en fonction des visites sur leurs sites et\/ou d&#039;autres sites sur Internet.<\/p>\n<p>Toutes vos informations personnelles collect\u00e9es seront utilis\u00e9es pour rendre votre visite sur notre site Web aussi productive et agr\u00e9able que possible.<\/p>\n<p>Assurer la confidentialit\u00e9 des donn\u00e9es personnelles des utilisateurs de notre site Internet est important pour travelnaboa.com.<\/p>\n<p>Toutes les informations personnelles relatives aux membres, abonn\u00e9s, clients ou visiteurs qui utilisent travelnaboa.com seront trait\u00e9es conform\u00e9ment \u00e0 la loi sur la protection des donn\u00e9es personnelles du 26 octobre 1998 (loi n\u00b0 67\/98).<\/p>\n<p>L&#039;utilisation\/navigation du blog travelnaboa.com pr\u00e9suppose l&#039;acceptation du pr\u00e9sent accord de confidentialit\u00e9. L&#039;\u00e9quipe voyagenaboa.com se r\u00e9serve le droit de modifier cet accord sans pr\u00e9avis. Par cons\u00e9quent, nous vous recommandons de consulter r\u00e9guli\u00e8rement notre politique de confidentialit\u00e9 afin d\u2019\u00eatre toujours \u00e0 jour.<\/p>\n<h2>Publicit\u00e9 personnalis\u00e9e<\/h2>\n<p>Vous pouvez vous d\u00e9sinscrire de la publicit\u00e9 personnalis\u00e9e en visitant le\u00a0<a href=\"https:\/\/www.google.com\/settings\/ads\" target=\"_blank\" rel=\"noopener noreferrer\">Param\u00e8tres des annonces<\/a>. Alternativement, vous pouvez acc\u00e9der au site Web\u00a0<a href=\"http:\/\/www.aboutads.info\/choices\/\" target=\"_blank\" rel=\"nofollow noopener\">www.aboutads.info<\/a>\u00a0pour d\u00e9sactiver l&#039;utilisation de cookies publicitaires personnalis\u00e9s tiers.<\/p>\n<h2>Les pubs<\/h2>\n<p>Comme d&#039;autres sites Web, nous collectons et utilisons les informations contenues dans les publicit\u00e9s. Les informations contenues dans les publicit\u00e9s incluent votre adresse IP (Internet Protocol), votre FAI (fournisseur d&#039;acc\u00e8s Internet, tel que Sapo, Clix ou autre), le navigateur que vous avez utilis\u00e9 lors de la visite de notre site Web (tel qu&#039;Internet Explorer ou Firefox), le l\u2019heure de votre visite et les pages que vous avez visit\u00e9es sur notre site Web.<\/p>\n<h2>Biscuit DoubleClick Dart<\/h2>\n<p>Google, en tant que fournisseur tiers, utilise des cookies pour diffuser des annonces sur notre site Web\u00a0;<\/p>\n<p>Gr\u00e2ce au cookie DART, Google peut diffuser des annonces bas\u00e9es sur vos visites sur d&#039;autres sites Web sur Internet\u00a0;<\/p>\n<p>Les utilisateurs peuvent d\u00e9sactiver le cookie DART en consultant la politique de confidentialit\u00e9 du r\u00e9seau publicitaire et de contenu de Google.<\/p>\n<h2>Cookies et balises Web<\/h2>\n<p>Nous utilisons des cookies pour stocker des informations, telles que vos pr\u00e9f\u00e9rences personnelles lorsque vous visitez notre site Web. Cela peut inclure une simple fen\u00eatre contextuelle ou un lien vers divers services que nous proposons, tels que des forums.<\/p>\n<p>De plus, nous utilisons \u00e9galement des publicit\u00e9s de tiers sur notre site Web pour prendre en charge les co\u00fbts de maintenance. Certains de ces annonceurs peuvent utiliser des technologies telles que des cookies et\/ou des balises Web lorsqu&#039;ils font de la publicit\u00e9 sur notre site Web, ce qui signifie que ces annonceurs (tels que Google via Google AdSense) recevront \u00e9galement vos informations personnelles, telles que votre adresse IP, votre FAI, votre navigateur, etc. Cette fonction est g\u00e9n\u00e9ralement utilis\u00e9e pour le ciblage g\u00e9ographique (montrer de la publicit\u00e9 de Lisbonne uniquement aux lecteurs de Lisbonne, par exemple) ou pour montrer de la publicit\u00e9 cibl\u00e9e sur un type d&#039;utilisateur (comme par exemple montrer de la publicit\u00e9 de restaurant \u00e0 un utilisateur qui visite r\u00e9guli\u00e8rement des sites de cuisine, par exemple).<\/p>\n<p>Vous avez le pouvoir de d\u00e9sactiver vos cookies, dans les options de votre navigateur ou en apportant des modifications aux outils du programme antivirus, tels que Norton Internet Security. Cependant, cela peut changer la fa\u00e7on dont vous interagissez avec notre site Web ou d\u2019autres sites Web. Cela peut affecter ou vous emp\u00eacher de vous connecter \u00e0 des programmes, des sites Web ou des forums sur nos r\u00e9seaux et sur d&#039;autres.<\/p>\n<h2>Liens vers des sites tiers<\/h2>\n<p>Travelnaboa.com contient des liens vers d&#039;autres sites Web qui, \u00e0 notre avis, peuvent contenir des informations\/outils utiles pour nos visiteurs. Notre politique de confidentialit\u00e9 ne s&#039;applique pas aux sites Web tiers, donc si vous visitez un autre site Web que le n\u00f4tre, vous devez lire sa politique de confidentialit\u00e9.<\/p>\n<p>Nous ne sommes pas responsables de la politique de confidentialit\u00e9 ou du contenu pr\u00e9sent sur ces sites.<\/p>\n<p>Le site travelnaboa.com d\u00e9clare qu&#039;il n&#039;utilise pas d&#039;e-mails pour des politiques de SPAM ou pour envoyer des messages ind\u00e9sirables.<\/p>\n<h2>Publicit\u00e9s et AdSense<\/h2>\n<p>Le site travelnaboa.com n&#039;est pas responsable du contenu, des promesses et de la v\u00e9racit\u00e9 des informations contenues dans les publicit\u00e9s affich\u00e9es par ses sponsors, pr\u00e9cisant que l&#039;enti\u00e8re responsabilit\u00e9 des publicit\u00e9s affich\u00e9es sur le site incombe aux annonceurs.<\/p>\n<p>Le site travelnaboa.com peut utiliser des cookies et\/ou des balises web lorsqu&#039;un utilisateur acc\u00e8de aux pages. Les cookies qui peuvent \u00eatre utilis\u00e9s sont associ\u00e9s (le cas \u00e9ch\u00e9ant) uniquement au navigateur d&#039;un ordinateur donn\u00e9.<\/p>\n<p>Le site Web travelnaboa.com est mon\u00e9tis\u00e9 par des soci\u00e9t\u00e9s de publicit\u00e9 tierces pour afficher des publicit\u00e9s lors de votre visite sur notre site Web. Ces soci\u00e9t\u00e9s peuvent utiliser des informations sur vos visites sur ce site Web et sur d&#039;autres sites Web dans le but d&#039;afficher des publicit\u00e9s li\u00e9es aux produits et services qui vous int\u00e9ressent. , les informations relatives \u00e0 vos visites n&#039;incluent pas votre nom, votre adresse, votre adresse email ou votre num\u00e9ro de t\u00e9l\u00e9phone, pour plus d&#039;informations sur cette pratique et pour savoir comment d\u00e9sactiver le cookie DART, visitez\u00a0<a href=\"http:\/\/www.google.com\/privacy_ads.html\" target=\"_blank\" rel=\"nofollow noopener\"><strong>Politique de confidentialit\u00e9 des annonces Google et du r\u00e9seau de contenu<\/strong><\/a>et le\u00a0<a href=\"http:\/\/emea.doubleclick.com\/PT-BR\/privacy\/faq.aspx\" target=\"_blank\" rel=\"noopener noreferrer\"><strong>FAQ sur la confidentialit\u00e9<\/strong><\/a>.<\/p>\n<p>Vianaboa.com ne capture ni ne g\u00e8re les donn\u00e9es des utilisateurs, les publicit\u00e9s peuvent utiliser des cookies et toutes les informations de l&#039;annonceur sont accessibles via le lien\u00a0<a href=\"https:\/\/www.google.com\/policies\/technologies\/partner-sites\/\" target=\"_blank\" rel=\"nofollow noopener\">https:\/\/www.google.com\/policies\/technologies\/partner-sites\/<\/a>\u00a0o\u00f9 il est expliqu\u00e9 en d\u00e9tail comment Google g\u00e8re les donn\u00e9es dans ses produits publicitaires.<\/p>\n<p>Les cookies utilis\u00e9s sur ce site Web peuvent \u00eatre install\u00e9s par celui-ci, qui proviennent de diff\u00e9rents serveurs exploit\u00e9s par lui, ou de serveurs tiers qui fournissent des services et installent des cookies et\/ou des balises Web, pour donner un exemple, les cookies sont utilis\u00e9s pour fournir des services publicitaires gr\u00e2ce auxquels l&#039;utilisateur visualise de la publicit\u00e9 ou du contenu \u00e0 un moment pr\u00e9d\u00e9termin\u00e9. L&#039;utilisateur peut effectuer une recherche sur le disque dur de son ordinateur selon les instructions du navigateur lui-m\u00eame.<\/p>\n<p>L&#039;utilisateur a la possibilit\u00e9 de configurer son navigateur pour \u00eatre averti, sur l&#039;\u00e9cran de son ordinateur, de la r\u00e9ception de cookies et emp\u00eacher leur installation sur le disque dur. Les informations relatives \u00e0 cette configuration sont disponibles dans les instructions du navigateur.<\/p>\n<p>Ce site utilise le remarketing avec Google Analytics pour faire de la publicit\u00e9 en ligne.<\/p>\n<p>Les fournisseurs tiers, dont Google, diffusent leurs annonces sur des sites Web sur Internet.<\/p>\n<p>Nous et des fournisseurs tiers, y compris Google, utilisons ensemble des cookies propri\u00e9taires (tels que le cookie Google Analytics) et des cookies tiers (tels que le cookie DoubleClick) pour informer, optimiser et diffuser des annonces en fonction des visites pass\u00e9es d&#039;une personne sur votre site web.<\/p>\n<p>Nous et des fournisseurs tiers, y compris Google, utilisons ensemble des cookies propri\u00e9taires (tels que le cookie Google Analytics) et des cookies tiers (tels que le cookie DoubleClick) pour cr\u00e9er des rapports sur vos impressions publicitaires et d&#039;autres utilisations des services publicitaires et des interactions. avec ces impressions publicitaires et services publicitaires sont li\u00e9s aux visites de votre site Web.<\/p>\n<p>Comment vous utilisez les donn\u00e9es de la publicit\u00e9 bas\u00e9e sur les centres d&#039;int\u00e9r\u00eat de Google ou les donn\u00e9es d&#039;audience de tiers (telles que l&#039;\u00e2ge, le sexe et les centres d&#039;int\u00e9r\u00eat) avec Google Analytics. Si vous avez besoin de plus amples informations, si vous avez des questions ou souhaitez faire une demande, veuillez utiliser le formulaire de contact.<\/p>","protected":false},"excerpt":{"rendered":"","protected":false},"author":1,"featured_media":0,"parent":0,"menu_order":0,"comment_status":"closed","ping_status":"closed","template":"","meta":{"footnotes":""},"class_list":{"0":"post-3","1":"page","2":"type-page","3":"status-publish","5":"infinite-scroll-item"},"_links":{"self":[{"href":"https:\/\/viajarnaboa.com\/fr\/wp-json\/wp\/v2\/pages\/3","targetHints":{"allow":["GET"]}}],"collection":[{"href":"https:\/\/viajarnaboa.com\/fr\/wp-json\/wp\/v2\/pages"}],"about":[{"href":"https:\/\/viajarnaboa.com\/fr\/wp-json\/wp\/v2\/types\/page"}],"author":[{"embeddable":true,"href":"https:\/\/viajarnaboa.com\/fr\/wp-json\/wp\/v2\/users\/1"}],"replies":[{"embeddable":true,"href":"https:\/\/viajarnaboa.com\/fr\/wp-json\/wp\/v2\/comments?post=3"}],"version-history":[{"count":6,"href":"https:\/\/viajarnaboa.com\/fr\/wp-json\/wp\/v2\/pages\/3\/revisions"}],"predecessor-version":[{"id":1177,"href":"https:\/\/viajarnaboa.com\/fr\/wp-json\/wp\/v2\/pages\/3\/revisions\/1177"}],"wp:attachment":[{"href":"https:\/\/viajarnaboa.com\/fr\/wp-json\/wp\/v2\/media?parent=3"}],"curies":[{"name":"wp","href":"https:\/\/api.w.org\/{rel}","templated":true}]}}