{"id":1843,"date":"2024-12-12T20:11:19","date_gmt":"2024-12-12T23:11:19","guid":{"rendered":"https:\/\/viajarnaboa.com\/?page_id=1843"},"modified":"2024-12-12T20:20:06","modified_gmt":"2024-12-12T23:20:06","slug":"sobre","status":"publish","type":"page","link":"https:\/\/viajarnaboa.com\/it\/sobre\/","title":{"rendered":"Chi siamo"},"content":{"rendered":"<h2 class=\"wp-block-heading\">La nostra storia<\/h2>\n\n\n\n<p>Viajar na Boa nasce nel 2018 con una missione chiara: trasformare i sogni di viaggio in realt\u00e0 attraverso informazioni di qualit\u00e0 e consigli pratici. Siamo appassionati di viaggi e crediamo che le esperienze migliori inizino con una buona pianificazione.<\/p>\n\n\n\n<h2 class=\"wp-block-heading\">Cosa offriamo<\/h2>\n\n\n\n<p>La nostra piattaforma riunisce tutto ci\u00f2 di cui hai bisogno per pianificare la tua prossima avventura:<\/p>\n\n\n\n<ul class=\"wp-block-list\">\n<li>Monitoraggio giornaliero delle offerte di biglietti aerei<\/li>\n\n\n\n<li>Itinerari dettagliati testati da viaggiatori esperti<\/li>\n\n\n\n<li>Confronto prezzi hotel e pacchetti<\/li>\n\n\n\n<li>Consigli esclusivi su destinazioni nazionali e internazionali<\/li>\n\n\n\n<li>Notizie dal mondo del turismo e dell&#039;aviazione<\/li>\n\n\n\n<li>Guide complete di citt\u00e0 e paesi<\/li>\n\n\n\n<li>Informazioni sulla documentazione e sui visti<\/li>\n\n\n\n<li>Esperienze reali di altri viaggiatori<\/li>\n<\/ul>\n\n\n\n<h2 class=\"wp-block-heading\">La nostra esperienza<\/h2>\n\n\n\n<p>Disponiamo di un team di viaggiatori professionisti ed esperti del turismo che conoscono in prima persona le destinazioni di cui scrivono. Ogni consiglio, ogni itinerario e ogni raccomandazione derivano da esperienze reali e aggiornate.<\/p>\n\n\n\n<h2 class=\"wp-block-heading\">Differenziali<\/h2>\n\n\n\n<p>Ci\u00f2 che ci rende unici:<\/p>\n\n\n\n<ul class=\"wp-block-list\">\n<li>Informazioni sempre aggiornate su prezzi e condizioni<\/li>\n\n\n\n<li>Partnership con le principali compagnie aeree e catene alberghiere<\/li>\n\n\n\n<li>Contenuti esclusivi prodotti da viaggiatori esperti<\/li>\n\n\n\n<li>Consigli pratici per tutti i tipi di budget<\/li>\n\n\n\n<li>Copertura completa delle destinazioni nazionali e internazionali<\/li>\n\n\n\n<li>Avvisi di promozione in tempo reale<\/li>\n<\/ul>\n\n\n\n<h2 class=\"wp-block-heading\">Il nostro impegno<\/h2>\n\n\n\n<p>Crediamo che viaggiare debba essere un&#039;esperienza piacevole fin dalla fase di pianificazione. Pertanto, ci impegniamo a:<\/p>\n\n\n\n<ul class=\"wp-block-list\">\n<li>Fornire informazioni accurate e affidabili<\/li>\n\n\n\n<li>Mantenere la trasparenza nelle nostre raccomandazioni<\/li>\n\n\n\n<li>Aggiorniamo costantemente i nostri contenuti<\/li>\n\n\n\n<li>Rispondiamo alle domande dei nostri lettori<\/li>\n\n\n\n<li>Condividere suggerimenti reali che fanno la differenza<\/li>\n<\/ul>\n\n\n\n<h2 class=\"wp-block-heading\">Come ti aiutiamo<\/h2>\n\n\n\n<ul class=\"wp-block-list\">\n<li>Ti facciamo risparmiare tempo nella ricerca dei prezzi migliori<\/li>\n\n\n\n<li>Offriamo itinerari collaudati e testati<\/li>\n\n\n\n<li>Condividiamo consigli pratici che solo chi viaggia molto conosce<\/li>\n\n\n\n<li>Vi teniamo informati sul mondo dei viaggi<\/li>\n\n\n\n<li>Aiutiamo a pianificare viaggi per tutti i profili e budget<\/li>\n<\/ul>\n\n\n\n<h2 class=\"wp-block-heading\">La nostra comunit\u00e0<\/h2>\n\n\n\n<p>Viajar na Boa \u00e8 pi\u00f9 di un sito web di viaggi: siamo una comunit\u00e0 di persone che amano esplorare il mondo. Incoraggiamo lo scambio di esperienze tra i viaggiatori e apprezziamo il feedback del nostro pubblico per migliorare continuamente i nostri contenuti.<\/p>\n\n\n\n<p>Unisciti a noi in questo viaggio! Che tu sia un viaggiatore esperto o qualcuno che sta pianificando la sua prima avventura, Viajar na Boa \u00e8 qui per rendere ogni viaggio un&#039;esperienza incredibile, dalla pianificazione al ritorno a casa.<\/p>","protected":false},"excerpt":{"rendered":"","protected":false},"author":1,"featured_media":0,"parent":0,"menu_order":0,"comment_status":"closed","ping_status":"closed","template":"","meta":{"footnotes":""},"class_list":{"0":"post-1843","1":"page","2":"type-page","3":"status-publish","5":"infinite-scroll-item"},"_links":{"self":[{"href":"https:\/\/viajarnaboa.com\/it\/wp-json\/wp\/v2\/pages\/1843","targetHints":{"allow":["GET"]}}],"collection":[{"href":"https:\/\/viajarnaboa.com\/it\/wp-json\/wp\/v2\/pages"}],"about":[{"href":"https:\/\/viajarnaboa.com\/it\/wp-json\/wp\/v2\/types\/page"}],"author":[{"embeddable":true,"href":"https:\/\/viajarnaboa.com\/it\/wp-json\/wp\/v2\/users\/1"}],"replies":[{"embeddable":true,"href":"https:\/\/viajarnaboa.com\/it\/wp-json\/wp\/v2\/comments?post=1843"}],"version-history":[{"count":2,"href":"https:\/\/viajarnaboa.com\/it\/wp-json\/wp\/v2\/pages\/1843\/revisions"}],"predecessor-version":[{"id":1845,"href":"https:\/\/viajarnaboa.com\/it\/wp-json\/wp\/v2\/pages\/1843\/revisions\/1845"}],"wp:attachment":[{"href":"https:\/\/viajarnaboa.com\/it\/wp-json\/wp\/v2\/media?parent=1843"}],"curies":[{"name":"wp","href":"https:\/\/api.w.org\/{rel}","templated":true}]}}