{"id":3,"date":"2019-09-09T20:10:09","date_gmt":"2019-09-09T23:10:09","guid":{"rendered":"http:\/\/dicasfinanceiras.net\/?page_id=3"},"modified":"2022-08-09T20:56:47","modified_gmt":"2022-08-09T23:56:47","slug":"politica-de-privacidade","status":"publish","type":"page","link":"https:\/\/viajarnaboa.com\/it\/politica-de-privacidade\/","title":{"rendered":"politica sulla riservatezza"},"content":{"rendered":"<p>Questo sito utilizza cookie pubblicitari, inclusi i cookie di Google per pubblicare annunci in base alle precedenti visite di un utente al tuo sito Web o ad altri siti Web.<\/p>\n<p>Utilizzando i cookie pubblicitari, Google e i suoi partner possono pubblicare annunci pubblicitari per gli utenti in base alle visite ai loro siti e\/o ad altri siti su Internet.<\/p>\n<p>Tutte le informazioni personali raccolte verranno utilizzate per contribuire a rendere la tua visita al nostro sito Web il pi\u00f9 produttiva e piacevole possibile.<\/p>\n<p>Garantire la riservatezza dei dati personali degli utenti del nostro sito web \u00e8 importante per travelnaboa.com.<\/p>\n<p>Tutte le informazioni personali relative a membri, abbonati, clienti o visitatori che utilizzano travelnaboa.com saranno trattate in conformit\u00e0 con la legge sulla protezione dei dati personali del 26 ottobre 1998 (legge n. 67\/98).<\/p>\n<p>L&#039;utilizzo\/navigazione del blog travelnaboa.com presuppone l&#039;accettazione del presente accordo sulla privacy. Il team di Voyagenaboa.com si riserva il diritto di modificare il presente accordo senza preavviso. Pertanto, ti consigliamo di consultare regolarmente la nostra politica sulla privacy in modo da essere sempre aggiornato.<\/p>\n<h2>Pubblicit\u00e0 personalizzata<\/h2>\n<p>Puoi disattivare la pubblicit\u00e0 personalizzata visitando il\u00a0<a href=\"https:\/\/www.google.com\/settings\/ads\" target=\"_blank\" rel=\"noopener noreferrer\">Impostazioni degli annunci<\/a>. In alternativa \u00e8 possibile accedere al sito web\u00a0<a href=\"http:\/\/www.aboutads.info\/choices\/\" target=\"_blank\" rel=\"nofollow noopener\">www.aboutads.info<\/a>\u00a0disabilitare l&#039;uso dei cookie pubblicitari personalizzati di terze parti.<\/p>\n<h2>Gli annunci<\/h2>\n<p>Come altri siti Web, raccogliamo e utilizziamo le informazioni contenute negli annunci pubblicitari. Le informazioni contenute negli annunci pubblicitari includono il tuo indirizzo IP (protocollo Internet), il tuo ISP (provider di servizi Internet, come Sapo, Clix o un altro), il browser che hai utilizzato quando visiti il nostro sito Web (come Internet Explorer o Firefox), il l&#039;ora della tua visita e quali pagine hai visitato all&#039;interno del nostro sito web.<\/p>\n<h2>Biscotto DoubleClick Dart<\/h2>\n<p>Google, in qualit\u00e0 di fornitore di terze parti, utilizza i cookie per pubblicare annunci sul nostro sito web;<\/p>\n<p>Con il cookie DART, Google pu\u00f2 pubblicare annunci in base alle tue visite ad altri siti web su Internet;<\/p>\n<p>Gli utenti possono disattivare il cookie DART visitando l&#039;Informativa sulla privacy della rete di contenuti e annunci di Google.<\/p>\n<h2>Cookie e Web Beacon<\/h2>\n<p>Utilizziamo i cookie per memorizzare informazioni, come le tue preferenze personali quando visiti il nostro sito web. Ci\u00f2 pu\u00f2 includere un semplice popup o un collegamento a vari servizi che forniamo, come i forum.<\/p>\n<p>Inoltre, utilizziamo anche pubblicit\u00e0 di terze parti sul nostro sito Web per sostenere i costi di manutenzione. Alcuni di questi inserzionisti possono utilizzare tecnologie come cookie e\/o web beacon quando fanno pubblicit\u00e0 sul nostro sito web, il che significa che questi inserzionisti (come Google tramite Google AdSense) riceveranno anche le tue informazioni personali, come il tuo indirizzo IP, i tuoi ISP, browser, ecc. Questa funzione viene generalmente utilizzata per il targeting geografico (mostrare la pubblicit\u00e0 di Lisbona solo ai lettori di Lisbona, ad esempio) o per mostrare pubblicit\u00e0 mirata a un tipo di utente (come mostrare la pubblicit\u00e0 di ristoranti a un utente che visita regolarmente siti web di cucina, ad esempio).<\/p>\n<p>Hai la possibilit\u00e0 di disattivare i cookie, nelle opzioni del browser o apportando modifiche agli strumenti del programma antivirus, come Norton Internet Security. Tuttavia, ci\u00f2 potrebbe modificare il modo in cui interagisci con il nostro sito Web o altri siti Web. Ci\u00f2 potrebbe influire o impedirti di accedere a programmi, siti Web o forum sulla nostra e su altre reti.<\/p>\n<h2>Collegamenti a siti di terzi<\/h2>\n<p>Travelnaboa.com contiene collegamenti ad altri siti Web che, a nostro avviso, potrebbero contenere informazioni\/strumenti utili per i nostri visitatori. La nostra politica sulla privacy non si applica ai siti Web di terzi, quindi se visiti un altro sito Web dal nostro, dovresti leggere la relativa politica sulla privacy.<\/p>\n<p>Non siamo responsabili per la politica sulla privacy o i contenuti presenti su questi siti.<\/p>\n<p>Il sito travelnaboa.com dichiara di non utilizzare la posta elettronica per politiche di SPAM o per inviare messaggi indesiderati.<\/p>\n<h2>Pubblicit\u00e0 e AdSense<\/h2>\n<p>Il sito travelnaboa.com non \u00e8 responsabile del contenuto, delle promesse e della veridicit\u00e0 delle informazioni contenute negli annunci visualizzati dai suoi sponsor, chiarendo che tutta la responsabilit\u00e0 per gli annunci visualizzati sul sito ricade sugli inserzionisti.<\/p>\n<p>Il sito travelnaboa.com pu\u00f2 utilizzare cookie e\/o web beacon quando un utente accede alle pagine. I cookie che possono essere utilizzati sono associati (ove applicabile) solo al browser di un determinato computer.<\/p>\n<p>Il sito web travelnaboa.com \u00e8 monetizzato da societ\u00e0 pubblicitarie di terze parti per visualizzare annunci pubblicitari durante la tua visita al nostro sito Web, queste societ\u00e0 possono utilizzare le informazioni sulle tue visite a questo e ad altri siti Web allo scopo di visualizzare annunci pubblicitari relativi a prodotti e servizi di tuo interesse , le informazioni sulle tue visite non includono il tuo nome, il tuo indirizzo, il tuo indirizzo email o il tuo numero di telefono, per ulteriori informazioni su questa pratica e per sapere come disabilitare il cookie DART, visita\u00a0<a href=\"http:\/\/www.google.com\/privacy_ads.html\" target=\"_blank\" rel=\"nofollow noopener\"><strong>Norme sulla privacy per gli annunci Google e la rete di contenuti<\/strong><\/a>e il\u00a0<a href=\"http:\/\/emea.doubleclick.com\/PT-BR\/privacy\/faq.aspx\" target=\"_blank\" rel=\"noopener noreferrer\"><strong>Domande frequenti sulla privacy<\/strong><\/a>.<\/p>\n<p>Vianaboa.com non acquisisce n\u00e9 gestisce i dati degli utenti, gli annunci pubblicitari possono utilizzare cookie e tutte le informazioni dell&#039;inserzionista sono accessibili tramite il collegamento\u00a0<a href=\"https:\/\/www.google.com\/policies\/technologies\/partner-sites\/\" target=\"_blank\" rel=\"nofollow noopener\">https:\/\/www.google.com\/policies\/technologies\/partner-sites\/<\/a>\u00a0dove viene spiegato in dettaglio come Google gestisce i dati nei suoi prodotti pubblicitari.<\/p>\n<p>I cookie utilizzati su questo sito possono essere installati da questo, che provengono da server diversi da esso gestiti, oppure da server di terze parti che forniscono servizi e installano cookie e\/o web beacon, per fare un esempio, i cookie vengono utilizzati per fornire servizi pubblicitari attraverso i quali l&#039;utente visualizza pubblicit\u00e0 o contenuti in un momento prestabilito.L&#039;utente pu\u00f2 effettuare ricerche nel disco rigido del proprio computer secondo le istruzioni del browser stesso.<\/p>\n<p>L&#039;utente ha la possibilit\u00e0 di configurare il proprio browser per essere avvisato, sullo schermo del computer, della ricezione dei cookie e per impedirne l&#039;installazione sul disco rigido. Le informazioni relative a tale configurazione sono disponibili nelle istruzioni del browser.<\/p>\n<p>Questo sito utilizza il Remarketing con Google Analytics per fare pubblicit\u00e0 online.<\/p>\n<p>I fornitori di terze parti, incluso Google, mostrano i loro annunci sui siti Web su Internet.<\/p>\n<p>Noi e fornitori di terze parti, incluso Google, utilizziamo cookie proprietari (come il cookie di Google Analytics) e cookie di terze parti (come il cookie DoubleClick) insieme per informare, ottimizzare e pubblicare annunci in base alle precedenti visite di qualcuno a il tuo sito web.<\/p>\n<p>Noi e fornitori di terze parti, incluso Google, utilizziamo cookie proprietari (come il cookie di Google Analytics) e cookie di terze parti (come il cookie DoubleClick) insieme per generare rapporti sulle impressioni degli annunci e su altri usi dei servizi pubblicitari e delle interazioni con questi le impressioni degli annunci e i servizi pubblicitari sono correlati alle visite al tuo sito web.<\/p>\n<p>Come utilizzi i dati della pubblicit\u00e0 basata sugli interessi di Google o i dati sul pubblico di terze parti (come et\u00e0, sesso e interessi) con Google Analytics. Se hai bisogno di maggiori informazioni, se hai domande o vuoi fare qualche richiesta, utilizza il modulo di contatto.<\/p>","protected":false},"excerpt":{"rendered":"","protected":false},"author":1,"featured_media":0,"parent":0,"menu_order":0,"comment_status":"closed","ping_status":"closed","template":"","meta":{"footnotes":""},"class_list":{"0":"post-3","1":"page","2":"type-page","3":"status-publish","5":"infinite-scroll-item"},"_links":{"self":[{"href":"https:\/\/viajarnaboa.com\/it\/wp-json\/wp\/v2\/pages\/3","targetHints":{"allow":["GET"]}}],"collection":[{"href":"https:\/\/viajarnaboa.com\/it\/wp-json\/wp\/v2\/pages"}],"about":[{"href":"https:\/\/viajarnaboa.com\/it\/wp-json\/wp\/v2\/types\/page"}],"author":[{"embeddable":true,"href":"https:\/\/viajarnaboa.com\/it\/wp-json\/wp\/v2\/users\/1"}],"replies":[{"embeddable":true,"href":"https:\/\/viajarnaboa.com\/it\/wp-json\/wp\/v2\/comments?post=3"}],"version-history":[{"count":6,"href":"https:\/\/viajarnaboa.com\/it\/wp-json\/wp\/v2\/pages\/3\/revisions"}],"predecessor-version":[{"id":1177,"href":"https:\/\/viajarnaboa.com\/it\/wp-json\/wp\/v2\/pages\/3\/revisions\/1177"}],"wp:attachment":[{"href":"https:\/\/viajarnaboa.com\/it\/wp-json\/wp\/v2\/media?parent=3"}],"curies":[{"name":"wp","href":"https:\/\/api.w.org\/{rel}","templated":true}]}}