{"id":1159,"date":"2022-08-09T11:32:49","date_gmt":"2022-08-09T14:32:49","guid":{"rendered":"https:\/\/viajarnaboa.com\/?page_id=1159"},"modified":"2022-08-09T20:57:16","modified_gmt":"2022-08-09T23:57:16","slug":"termos-de-uso","status":"publish","type":"page","link":"https:\/\/viajarnaboa.com\/pt\/termos-de-uso\/","title":{"rendered":"Termos de Uso"},"content":{"rendered":"<div class=\"mx-5 sm:mx-0 prose leading-relaxed text-lg mb-5 text-left\">\n<p>O Viajar na Boa \u00e9 um site especializado na cria\u00e7\u00e3o de conte\u00fado relacionado a dicas e promo\u00e7\u00f5es (de caracter\u00edsticas informativas e de an\u00e1lise de diversos produtos\/servi\u00e7os, entre outros) oferecidos por institui\u00e7\u00f5es nacionais e internacionais.<\/p>\n<p>Os nossos Termos e Condi\u00e7\u00f5es Gerais de Uso est\u00e3o dispon\u00edveis a qualquer momento para o usu\u00e1rio, por meio do endere\u00e7o:\u00a0<a href=\"https:\/\/senhorcarros.com\/termos-de-uso\/\">\u00a0<\/a><a href=\"https:\/\/viajarnaboa.com\/pt\/termos-de-uso\/\">https:\/\/viajarnaboa.com\/termos-de-uso<\/a>.<\/p>\n<\/div>\n<div class=\"mx-5 sm:mx-0 prose leading-relaxed text-lg mb-5 text-left\">\n<p>Aplicam-se conjuntamente aos presentes Termos e \u00e0 utiliza\u00e7\u00e3o do site as disposi\u00e7\u00f5es da Pol\u00edtica de Privacidade do site Viajar na Boa dispon\u00edvel no endere\u00e7o:\u00a0<a href=\"https:\/\/viajarnaboa.com\/pt\/politica-de-privacidade\/\">https:\/\/viajarnaboa.com\/politica-de-privacidade\/<\/a>, bem como a legisla\u00e7\u00e3o em vigor.<\/p>\n<p>Desse modo, o Termo e Condi\u00e7\u00f5es Gerais de Uso tem o objetivo de informar as responsabilidades, deveres e obriga\u00e7\u00f5es de todo Usu\u00e1rio ao acessar e\/ou utilizar o site do Viajar na Boa, conforme descrito nos itens abaixo.<\/p>\n<\/div>\n<div class=\"mx-5 sm:mx-0 sm:text-3xl text-2xl font-medium title-font mb-4 text-gray-900 text-left\">\n<h3><strong>1. DA ACEITA\u00c7\u00c3O<\/strong><\/h3>\n<\/div>\n<div class=\"mx-5 sm:mx-0 prose leading-relaxed text-lg mb-5 text-left\">\n<p>1.1. O Usu\u00e1rio ao acessar o Viajar na Boa, CONCORDA em respeitar os Termos e Condi\u00e7\u00f5es Gerais de Uso e a\u00a0<a href=\"https:\/\/viajarnaboa.com\/pt\/politica-de-privacidade\/\">Pol\u00edtica de Privacidade do Viajar na Boa<\/a>.<\/p>\n<p>1.2. Ao acessar e\/ou utilizar o Viajar na Boa o Usu\u00e1rio declara ter no m\u00ednimo 18 (dezoito) anos e capacidade plena e expressa para a aceita\u00e7\u00e3o dos termos e condi\u00e7\u00f5es destes Termos e Condi\u00e7\u00f5es de Uso para todos os fins de direito.<\/p>\n<p>1.3. Caso o Usu\u00e1rio n\u00e3o se enquadre na descri\u00e7\u00e3o acima e\/ou n\u00e3o concorde, ainda que em parte, com os termos e condi\u00e7\u00f5es contidos nestes Termos e Condi\u00e7\u00f5es de Uso, n\u00e3o dever\u00e1 acessar e\/ou utilizar os servi\u00e7os oferecidos pelo Viajar na Boa, bem como os sites e servi\u00e7os por ele operados.<\/p>\n<\/div>\n<div class=\"mx-5 sm:mx-0 sm:text-3xl text-2xl font-medium title-font mb-4 text-gray-900 text-left\">\n<h3><strong>2. CONTATO<\/strong><\/h3>\n<\/div>\n<div class=\"mx-5 sm:mx-0 prose leading-relaxed text-lg mb-5 text-left\">\n<p>2.1. O Usu\u00e1rio disp\u00f5e desse servi\u00e7o para sanar todas suas d\u00favidas, solucionar eventuais problemas e apresentar reclama\u00e7\u00f5es ou outras informa\u00e7\u00f5es sobre produtos\/servi\u00e7os disponibilizados no Viajar na Boa.<\/p>\n<p>2.2. O \u201cContato\u201d poder\u00e1 ser feito atrav\u00e9s formul\u00e1rio contido em\u00a0<a href=\"https:\/\/viajarnaboa.com\/pt\/contato\/\">https:\/\/viajarnaboa.com\/contato\/<\/a>\u00a0ou atrav\u00e9s do email\u00a0conteudo@viajarnaboa.com.<\/p>\n<\/div>\n<div class=\"mx-5 sm:mx-0 sm:text-3xl text-2xl font-medium title-font mb-4 text-gray-900 text-left\">\n<h3><strong>3. DAS RESPONSABILIDADES DAS PARTES<\/strong><\/h3>\n<\/div>\n<div class=\"mx-5 sm:mx-0 prose leading-relaxed text-lg mb-5 text-left\">\n<p>3.1. O Usu\u00e1rio deve ler com aten\u00e7\u00e3o todas as cl\u00e1usulas contidas neste Termo e Condi\u00e7\u00f5es de Uso e na\u00a0<a href=\"https:\/\/viajarnaboa.com\/pt\/politica-de-privacidade\/\">Pol\u00edtica de Privacidade<\/a>\u00a0e ao utilizar os servi\u00e7os e\/ou produtos disponibilizados no Viajar na Boa concorda integralmente com todas as cl\u00e1usulas e condi\u00e7\u00f5es destes Termos.<\/p>\n<p>3.2 O Viajar na Boa disponibiliza links e\/ou faz redirecionamento do Usu\u00e1rio para outros sites, onde o Usu\u00e1rio poder\u00e1 fazer a contrata\u00e7\u00e3o dos servi\u00e7os e\/ou adquirir produtos das respectivas empresas, sem qualquer tipo de interfer\u00eancia do Viajar na Boa.<\/p>\n<p>3.3 Havendo o redirecionamento do Usu\u00e1rio para a p\u00e1gina de website da empresa anunciada no site, o Usu\u00e1rio dever\u00e1 ler com aten\u00e7\u00e3o e concordar expressamente com os termos e condi\u00e7\u00f5es de uso e com a pol\u00edtica de privacidade da empresa anunciada.<\/p>\n<p>3.4 O Viajar na Boa n\u00e3o possui nenhuma responsabilidade: (a) sobre os termos e condi\u00e7\u00f5es gerais de uso e pol\u00edtica de privacidade das empresas anunciadas; (b) sobre as informa\u00e7\u00f5es dos servi\u00e7os e\/ou produtos anunciados; (c) sobre os servi\u00e7os e\/ou produtos eventualmente ofertados e\/ou contratados das empresas anunciadas.<\/p>\n<p>3.5 O Viajar na Boa n\u00e3o se responsabiliza por qualquer v\u00edrus, malware, spyware, trojan ou qualquer software que possa danificar ou alterar as configura\u00e7\u00f5es dos equipamentos dos Usu\u00e1rios em consequ\u00eancia da navega\u00e7\u00e3o ou utiliza\u00e7\u00e3o na internet ou da consequ\u00eancia de transfer\u00eancia de dados, textos, imagens, arquivos ou \u00e1udios.<\/p>\n<p>3.6 \u00c9 de total responsabilidade dos Usu\u00e1rios manter o sistema operacional do seu equipamento atualizado e com programas de antiv\u00edrus.<\/p>\n<p>3.7. O Viajar na Boa n\u00e3o \u00e9 respons\u00e1vel por quaisquer perdas e danos decorrentes da utiliza\u00e7\u00e3o irregular do site Viajar na Boa e\/ou de caso fortuito e\/ou for\u00e7a maior.<\/p>\n<p>3.8 O Viajar na Boa n\u00e3o envia ou solicita a realiza\u00e7\u00e3o de dep\u00f3sitos ou transfer\u00eancias banc\u00e1rias para a concess\u00e3o ou aprova\u00e7\u00e3o de qualquer produto financeiro.<\/p>\n<p>3.9 O Viajar na Boa n\u00e3o envia e-mails aos Usu\u00e1rios solicitando confirma\u00e7\u00e3o de dados ou cadastro com anexos execut\u00e1veis (por exemplo: extens\u00f5es .exe, .com, .scr, .zip, .rar), e nem links para a realiza\u00e7\u00e3o de downloads e caso voc\u00ea receba um, por favor, nos comunique atrav\u00e9s do pr\u00f3prio site, por meio do formul\u00e1rio de Contato contido em https:\/\/viajarnaboa.com\/contato\/ ou atrav\u00e9s do nosso email\u00a0conteudo@viajarnaboa.com<\/p>\n<p>3.10 Sem preju\u00edzo das demais disposi\u00e7\u00f5es destes Termos de Uso, s\u00e3o obriga\u00e7\u00f5es do Usu\u00e1rio:<\/p>\n<p>(a) N\u00e3o violar quaisquer direitos de terceiros quando da utiliza\u00e7\u00e3o do Viajar na Boa;<\/p>\n<p>(b) N\u00e3o utilizar o Viajar na Boa com o objetivo de vigiar ou assediar terceiros;<\/p>\n<p>(c) N\u00e3o praticar atividades fraudulentas, ilegais, desonestas ou impr\u00f3prias na utiliza\u00e7\u00e3o do site do Viajar na Boa; e<\/p>\n<p>(d) Respeitar as condi\u00e7\u00f5es estabelecidas nestes Termos Gerais e Condi\u00e7\u00f5es de Uso e na Pol\u00edtica de Privacidade, bem como a legisla\u00e7\u00e3o brasileira vigente;<\/p>\n<\/div>\n<div class=\"mx-5 sm:mx-0 sm:text-3xl text-2xl font-medium title-font mb-4 text-gray-900 text-left\">\n<h3><strong>4. DA MODIFICA\u00c7\u00c3O DOS TERMOS E CONDI\u00c7\u00d5ES<\/strong><\/h3>\n<\/div>\n<div class=\"mx-5 sm:mx-0 prose leading-relaxed text-lg mb-5 text-left\">\n<p>4.1. Os Termos e Condi\u00e7\u00f5es Gerais de Uso do Viajar na Boa poder\u00e3o ser alterados, complementados ou substitu\u00eddos a qualquer momento e por qualquer motivo, a crit\u00e9rio exclusivo do Viajar na Boa, sem aviso pr\u00e9vio ou notifica\u00e7\u00e3o aos Usu\u00e1rios.<\/p>\n<p>4.2\u00a0<strong>QUALQUER PESSOA QUE N\u00c3O ACEITE ESTES TERMOS E CONDI\u00c7\u00d5ES, OS QUAIS POSSUEM UM CAR\u00c1TER OBRIGAT\u00d3RIO E VINCULANTE, DEVER\u00c1 ABSTER-SE DE UTILIZAR O SITE DO Viajar na Boa.<\/strong><\/p>\n<\/div>\n<div class=\"mx-5 sm:mx-0 sm:text-3xl text-2xl font-medium title-font mb-4 text-gray-900 text-left\">\n<h3><strong>5. VIG\u00caNCIA E PRAZO DECADENCIAL<\/strong><\/h3>\n<\/div>\n<div class=\"mx-5 sm:mx-0 prose leading-relaxed text-lg mb-5 text-left\">\n<p>5.1. Estes Termos e Condi\u00e7\u00f5es Gerais de Uso vigorar\u00e3o por prazo indeterminado e quaisquer reclama\u00e7\u00f5es judiciais ou administrativas decorrentes do uso do Viajar na Boa objeto destes Termos Gerais de Uso ou da Pol\u00edtica de Privacidade dever\u00e3o ser propostas em at\u00e9 90 (noventa) dias contados do fato que as tenha provocado.<\/p>\n<\/div>\n<div class=\"mx-5 sm:mx-0 sm:text-3xl text-2xl font-medium title-font mb-4 text-gray-900 text-left\">\n<h3><strong>6. DA LEGISLA\u00c7\u00c3O E FORO DE ELEI\u00c7\u00c3O<\/strong><\/h3>\n<\/div>\n<div class=\"mx-5 sm:mx-0 prose leading-relaxed text-lg mb-5 text-left\">\n<p>6.1. O presente Termo e Condi\u00e7\u00f5es Gerais de Uso, dever\u00e1 ser lido e interpretado em conjunto com a Pol\u00edtica de Privacidade, e ambas s\u00e3o regidas pelas leis vigentes na Rep\u00fablica Federativa do Brasil, principalmente pela Constitui\u00e7\u00e3o Federal, C\u00f3digo Civil, C\u00f3digo de Defesa do Consumidor, Lei Geral do Marco Civil da Internet e a Lei Geral de Prote\u00e7\u00e3o de Dados.<\/p>\n<p>6.2. Todos os assuntos referentes a interpreta\u00e7\u00e3o, cumprimento ou qualquer outro questionamento relacionados a estes Termos e a Pol\u00edtica de Privacidade, as partes concordam expressamente e renunciam a qualquer outro foco.<\/p>\n<\/div>","protected":false},"excerpt":{"rendered":"","protected":false},"author":1,"featured_media":0,"parent":0,"menu_order":0,"comment_status":"closed","ping_status":"closed","template":"","meta":{"footnotes":""},"class_list":{"0":"post-1159","1":"page","2":"type-page","3":"status-publish","5":"infinite-scroll-item"},"_links":{"self":[{"href":"https:\/\/viajarnaboa.com\/pt\/wp-json\/wp\/v2\/pages\/1159","targetHints":{"allow":["GET"]}}],"collection":[{"href":"https:\/\/viajarnaboa.com\/pt\/wp-json\/wp\/v2\/pages"}],"about":[{"href":"https:\/\/viajarnaboa.com\/pt\/wp-json\/wp\/v2\/types\/page"}],"author":[{"embeddable":true,"href":"https:\/\/viajarnaboa.com\/pt\/wp-json\/wp\/v2\/users\/1"}],"replies":[{"embeddable":true,"href":"https:\/\/viajarnaboa.com\/pt\/wp-json\/wp\/v2\/comments?post=1159"}],"version-history":[{"count":3,"href":"https:\/\/viajarnaboa.com\/pt\/wp-json\/wp\/v2\/pages\/1159\/revisions"}],"predecessor-version":[{"id":1178,"href":"https:\/\/viajarnaboa.com\/pt\/wp-json\/wp\/v2\/pages\/1159\/revisions\/1178"}],"wp:attachment":[{"href":"https:\/\/viajarnaboa.com\/pt\/wp-json\/wp\/v2\/media?parent=1159"}],"curies":[{"name":"wp","href":"https:\/\/api.w.org\/{rel}","templated":true}]}}