{"id":3,"date":"2019-09-09T20:10:09","date_gmt":"2019-09-09T23:10:09","guid":{"rendered":"http:\/\/dicasfinanceiras.net\/?page_id=3"},"modified":"2022-08-09T20:56:47","modified_gmt":"2022-08-09T23:56:47","slug":"politica-de-privacidade","status":"publish","type":"page","link":"https:\/\/viajarnaboa.com\/pt\/politica-de-privacidade\/","title":{"rendered":"Pol\u00edtica de privacidade"},"content":{"rendered":"<p>Este site utiliza cookies de publicidade incluindo o Google, usam cookies para veicular an\u00fancios com base em visitas anteriores do usu\u00e1rio ao seu website ou a outros websites.<\/p>\n<p>Com o uso de cookies de publicidade, o Google e os parceiros podem veicular an\u00fancios para os usu\u00e1rios com base nas visitas feitas aos seus sites e\/ou a outros sites na Internet.<\/p>\n<p>Todas as suas informa\u00e7\u00f5es pessoais recolhidas, ser\u00e3o usadas para o ajudar a tornar a sua visita no nosso site o mais produtiva e agrad\u00e1vel poss\u00edvel.<\/p>\n<p>A garantia da confidencialidade dos dados pessoais dos utilizadores do nosso site \u00e9 importante para o viajarnaboa.com.<\/p>\n<p>Todas as informa\u00e7\u00f5es pessoais relativas a membros, assinantes, clientes ou visitantes que usem o viajarnaboa.com ser\u00e3o tratadas em concord\u00e2ncia com a Lei da Prote\u00e7\u00e3o de Dados Pessoais de 26 de outubro de 1998 (Lei n.\u00ba 67\/98).<\/p>\n<p>O uso\/navega\u00e7\u00e3o do blog viajarnaboa.com pressup\u00f5e a aceita\u00e7\u00e3o deste acordo de privacidade. A equipe do viajarnaboa.com reserva-se ao direito de alterar este acordo sem aviso pr\u00e9vio. Deste modo, recomendamos que consulte a nossa pol\u00edtica de privacidade com regularidade de forma a estar sempre atualizado.<\/p>\n<h2>Publicidade Personalizada<\/h2>\n<p>Voc\u00ea pode desativar a publicidade personalizada acessando as\u00a0<a href=\"https:\/\/www.google.com\/settings\/ads\" target=\"_blank\" rel=\"noopener noreferrer\">Configura\u00e7\u00f5es de an\u00fancios<\/a>. Como alternativa, voc\u00ea pode a acessar o site\u00a0<a href=\"http:\/\/www.aboutads.info\/choices\/\" target=\"_blank\" rel=\"nofollow noopener\">www.aboutads.info<\/a>\u00a0para desativar o uso de cookies de publicidade personalizada de terceiros.<\/p>\n<h2>Os an\u00fancios<\/h2>\n<p>Tal como outros websites, coletamos e utilizamos informa\u00e7\u00e3o contida nos an\u00fancios. A informa\u00e7\u00e3o contida nos an\u00fancios, inclui o seu endere\u00e7o IP (Internet Protocol), o seu ISP (Internet Service Provider, como o Sapo, Clix, ou outro), o browser que utilizou ao visitar o nosso website (como o Internet Explorer ou o Firefox), o tempo da sua visita e que p\u00e1ginas visitou dentro do nosso website.<\/p>\n<h2>Cookie DoubleClick Dart<\/h2>\n<p>O Google, como fornecedor de terceiros, utiliza cookies para exibir an\u00fancios no nosso website;<\/p>\n<p>Com o cookie DART, o Google pode exibir an\u00fancios com base nas visitas que o leitor fez a outros websites na Internet;<\/p>\n<p>Os utilizadores podem desativar o cookie DART visitando a Pol\u00edtica de privacidade da rede de conte\u00fado e dos an\u00fancios do Google.<\/p>\n<h2>Os Cookies e Web Beacons<\/h2>\n<p>Utilizamos cookies para armazenar informa\u00e7\u00e3o, tais como as suas prefer\u00eancias pessoas quando visita o nosso website. Isto poder\u00e1 incluir um simples popup, ou uma liga\u00e7\u00e3o em v\u00e1rios servi\u00e7os que providenciamos, tais como f\u00f3runs.<\/p>\n<p>Em adi\u00e7\u00e3o tamb\u00e9m utilizamos publicidade de terceiros no nosso website para suportar os custos de manuten\u00e7\u00e3o. Alguns destes publicit\u00e1rios, poder\u00e3o utilizar tecnologias como os cookies e\/ou web beacons quando publicitam no nosso website, o que far\u00e1 com que esses publicit\u00e1rios (como o Google atrav\u00e9s do Google AdSense) tamb\u00e9m recebam a sua informa\u00e7\u00e3o pessoal, como o endere\u00e7o IP, o seu ISP, o seu browser, etc. Esta fun\u00e7\u00e3o \u00e9 geralmente utilizada para geotargeting (mostrar publicidade de Lisboa apenas aos leitores oriundos de Lisboa por ex.) ou apresentar publicidade direcionada a um tipo de utilizador (como mostrar publicidade de restaurante a um utilizador que visita sites de culin\u00e1ria regularmente, por ex.).<\/p>\n<p>Voc\u00ea det\u00e9m o poder de desligar os seus cookies, nas op\u00e7\u00f5es do seu browser, ou efetuando altera\u00e7\u00f5es nas ferramentas de programas Anti-Virus, como o Norton Internet Security. No entanto, isso poder\u00e1 alterar a forma como interage com o nosso website, ou outros websites. Isso poder\u00e1 afetar ou n\u00e3o permitir que fa\u00e7a logins em programas, sites ou f\u00f3runs da nossa e de outras redes.<\/p>\n<h2>Liga\u00e7\u00f5es a Sites de terceiros<\/h2>\n<p>O viajarnaboa.com possui liga\u00e7\u00f5es para outros sites, os quais, a nosso ver, podem conter informa\u00e7\u00f5es \/ ferramentas \u00fateis para os nossos visitantes. A nossa pol\u00edtica de privacidade n\u00e3o \u00e9 aplicada a sites de terceiros, pelo que, caso visite outro site a partir do nosso dever\u00e1 ler a politica de privacidade do mesmo.<\/p>\n<p>N\u00e3o nos responsabilizamos pela pol\u00edtica de privacidade ou conte\u00fado presente nesses mesmos sites.<\/p>\n<p>O website viajarnaboa.com declara que n\u00e3o utiliza e-mails para pol\u00edticas de SPAM ou de envio de mensagens indesejadas.<\/p>\n<h2>An\u00fancios e AdSense<\/h2>\n<p>O website viajarnaboa.com n\u00e3o tem responsabilidade pelo conte\u00fado, pelas promessas e pela veracidade das informa\u00e7\u00f5es dos an\u00fancios exibidos pelos seus patrocinadores, ficando claro que toda a responsabilidade pelos an\u00fancios exibidos no website s\u00e3o de responsabilidade dos anunciantes.<\/p>\n<p>O website viajarnaboa.com pode utilizar cookies e\/ou web beacons quando um usu\u00e1rio tem acesso \u00e0s p\u00e1ginas, os cookies que podem ser utilizados associam-se (quando for o caso) apenas com o navegador de um determinado computador.<\/p>\n<p>O website viajarnaboa.com \u00e9 rentabilizado por empresas de publicidade de terceiros para exibir an\u00fancios durante a sua visita ao nosso website, essas empresas podem usar informa\u00e7\u00f5es sobre suas visitas a este e a outros websites com a finalidade de exibir an\u00fancios relacionados a produtos e servi\u00e7os de seu interesse, as informa\u00e7\u00f5es sobre suas visitas n\u00e3o incluem o seu nome, o seu endere\u00e7o, seu endere\u00e7o de e-mail ou seu n\u00famero de telefone, para obter mais informa\u00e7\u00f5es sobre essa pr\u00e1tica e saber como desativar o cookie DART, acesse a\u00a0<a href=\"http:\/\/www.google.com\/privacy_ads.html\" target=\"_blank\" rel=\"nofollow noopener\"><strong>pol\u00edtica de privacidade da rede de conte\u00fado e dos an\u00fancios do Google<\/strong><\/a>e as\u00a0<a href=\"http:\/\/emea.doubleclick.com\/PT-BR\/privacy\/faq.aspx\" target=\"_blank\" rel=\"noopener noreferrer\"><strong>perguntas frequentes sobre privacidade<\/strong><\/a>.<\/p>\n<p>A viajarnaboa.com n\u00e3o captura e nem gerencia dados de usu\u00e1rios, os an\u00fancios podem utilizar cookies e todas as informa\u00e7\u00f5es do anunciante podem ser acessadas no link\u00a0<a href=\"https:\/\/www.google.com\/policies\/technologies\/partner-sites\/\" target=\"_blank\" rel=\"nofollow noopener\">https:\/\/www.google.com\/policies\/technologies\/partner-sites\/<\/a>\u00a0onde \u00e9 explicado em detalhes como o Google gerencia os dados em seus produtos de an\u00fancios.<\/p>\n<p>Os cookies que s\u00e3o utilizados neste site podem ser instalados pelo mesmo, os quais s\u00e3o originados dos diferentes servidores operados por este, ou a partir dos servidores de terceiros que prestam servi\u00e7os e instalam cookies e\/ou web beacons, para citar um exemplo, os cookies s\u00e3o utilizados para prover servi\u00e7os de publicidade atrav\u00e9s dos quais o usu\u00e1rio visualiza a publicidade ou conte\u00fados em tempo pr\u00e9 determinados, o usu\u00e1rio poder\u00e1 pesquisar o disco r\u00edgido de seu computador conforme instru\u00e7\u00f5es do pr\u00f3prio navegador.<\/p>\n<p>O usu\u00e1rio tem a possibilidade de configurar seu navegador para ser avisado, na tela do computador, sobre a recep\u00e7\u00e3o dos cookies e para impedir a sua instala\u00e7\u00e3o no disco r\u00edgido, as informa\u00e7\u00f5es relacionadas a esta configura\u00e7\u00e3o est\u00e3o dispon\u00edveis nas instru\u00e7\u00f5es do pr\u00f3prio navegador.<\/p>\n<p>Este site Utiliza o Remarketing com o Google Analytics para anunciar online.<\/p>\n<p>Fornecedores terceiros, incluindo o Google, mostram os seus an\u00fancios em Websites na Internet.<\/p>\n<p>Utiliza, assim como os fornecedores terceiros, incluindo a Google, cookies originais (como o cookie do Google Analytics) e cookies de terceiros (como o cookie do DoubleClick) em conjunto para informar, otimizar e publicar an\u00fancios com base nas visitas passadas de algu\u00e9m ao seu Website.<\/p>\n<p>Utiliza, assim como os fornecedores terceiros, incluindo a Google, cookies originais (como o cookie do Google Analytics) e cookies de terceiros (como o cookie do DoubleClick) em conjunto para comunicar como as suas impress\u00f5es de an\u00fancios, outras utiliza\u00e7\u00f5es de servi\u00e7os de an\u00fancios e intera\u00e7\u00f5es com estas impress\u00f5es de an\u00fancios e servi\u00e7os de an\u00fancios est\u00e3o relacionados com visitas ao seu site.<\/p>\n<p>O modo como utiliza dados da publicidade baseada em interesses da Google ou dados do p\u00fablico-alvo de terceiros (como idade, sexo e interesses) com o Google Analytics. Se forem necess\u00e1rias mais informa\u00e7\u00f5es, se tiver d\u00favidas ou desejar fazer qualquer solicita\u00e7\u00e3o, utilize o formul\u00e1rio de contato.<\/p>","protected":false},"excerpt":{"rendered":"","protected":false},"author":1,"featured_media":0,"parent":0,"menu_order":0,"comment_status":"closed","ping_status":"closed","template":"","meta":{"footnotes":""},"class_list":{"0":"post-3","1":"page","2":"type-page","3":"status-publish","5":"infinite-scroll-item"},"_links":{"self":[{"href":"https:\/\/viajarnaboa.com\/pt\/wp-json\/wp\/v2\/pages\/3","targetHints":{"allow":["GET"]}}],"collection":[{"href":"https:\/\/viajarnaboa.com\/pt\/wp-json\/wp\/v2\/pages"}],"about":[{"href":"https:\/\/viajarnaboa.com\/pt\/wp-json\/wp\/v2\/types\/page"}],"author":[{"embeddable":true,"href":"https:\/\/viajarnaboa.com\/pt\/wp-json\/wp\/v2\/users\/1"}],"replies":[{"embeddable":true,"href":"https:\/\/viajarnaboa.com\/pt\/wp-json\/wp\/v2\/comments?post=3"}],"version-history":[{"count":6,"href":"https:\/\/viajarnaboa.com\/pt\/wp-json\/wp\/v2\/pages\/3\/revisions"}],"predecessor-version":[{"id":1177,"href":"https:\/\/viajarnaboa.com\/pt\/wp-json\/wp\/v2\/pages\/3\/revisions\/1177"}],"wp:attachment":[{"href":"https:\/\/viajarnaboa.com\/pt\/wp-json\/wp\/v2\/media?parent=3"}],"curies":[{"name":"wp","href":"https:\/\/api.w.org\/{rel}","templated":true}]}}